{"id":103,"date":"2025-12-19T11:55:36","date_gmt":"2025-12-19T10:55:36","guid":{"rendered":"https:\/\/cinemaqueer.se\/25\/?page_id=103"},"modified":"2025-12-19T11:55:36","modified_gmt":"2025-12-19T10:55:36","slug":"hem","status":"publish","type":"page","link":"https:\/\/cinemaqueer.se\/_eng\/","title":{"rendered":"Hem"},"content":{"rendered":"<div class=\"wpb-content-wrapper\"><p>[vc_row css_animation=&#8221;&#8221; row_type=&#8221;row&#8221; use_row_as_full_screen_section=&#8221;no&#8221; type=&#8221;full_width&#8221; angled_section=&#8221;no&#8221; text_align=&#8221;left&#8221; background_image_as_pattern=&#8221;without_pattern&#8221;][vc_column]<div class=\"qode-blog-carousel-titled\" data-posts-shown=\"3\">\n\t<div class=\"qode-bct-title-holder\" style=\"background-color:#FFFFFF;color:#000000\">\n\t\t<a class=\"qode-bct-caroufredsel-prev\" href=\"#\">\n\t\t\t<span class=\"qode-bct-caroufredsel-nav-inner\">\n\t\t\t\t<span class=\"qode-bct-caroufredsel-nav-icon-holder\">\n\t\t\t\t\t<span class=\"arrow_carrot-left\"><\/span>\n\t\t\t\t<\/span>\n\t\t\t<\/span>\n\t\t<\/a>\n\t\t\t\t\t\t\t\t<h2>\n\t\t\t\t\t\tCQ news\t\t\t\t\t<\/h2>\n\t\t\t\t<a class=\"qode-bct-caroufredsel-next\" href=\"#\">\n\t\t<span class=\"qode-bct-caroufredsel-nav-inner\">\n\t\t\t<span class=\"qode-bct-caroufredsel-nav-icon-holder\">\n\t\t\t\t<span class=\"arrow_carrot-right\"><\/span>\n\t\t\t<\/span>\n\t\t<\/span>\n\t<\/a>\n\t<\/div>\n\t\t\t<div class=\"qode-bct-posts-holder\">\n\t\t<div class=\"qode-bct-posts\">\n\t\t\t\t\t\t\t\t\t\t\t\t<div class=\"qode-bct-post\">\n\t\t\t\t\t\t\t\t\t\t\t\t\t<div class=\"qode-bct-post-image\">\n\t\t\t\t\t\t\t\t<a href=\"https:\/\/cinemaqueer.se\/_eng\/2026\/02\/23\/anmalan-till-festival-2026-ar-nu-oppen\/\" itemprop=\"url\">\n\t\t\t\t\t\t\t\t\t<img loading=\"lazy\" decoding=\"async\" width=\"2560\" height=\"1707\" src=\"https:\/\/cinemaqueer.se\/_eng\/wp-content\/uploads\/2026\/02\/e8mHZ6EQ-scaled.jpeg\" class=\"attachment-full size-full wp-post-image\" alt=\"\" srcset=\"https:\/\/cinemaqueer.se\/_eng\/wp-content\/uploads\/2026\/02\/e8mHZ6EQ-scaled.jpeg 2560w, https:\/\/cinemaqueer.se\/_eng\/wp-content\/uploads\/2026\/02\/e8mHZ6EQ-300x200.jpeg 300w, https:\/\/cinemaqueer.se\/_eng\/wp-content\/uploads\/2026\/02\/e8mHZ6EQ-1024x683.jpeg 1024w, https:\/\/cinemaqueer.se\/_eng\/wp-content\/uploads\/2026\/02\/e8mHZ6EQ-768x512.jpeg 768w, https:\/\/cinemaqueer.se\/_eng\/wp-content\/uploads\/2026\/02\/e8mHZ6EQ-1536x1024.jpeg 1536w, https:\/\/cinemaqueer.se\/_eng\/wp-content\/uploads\/2026\/02\/e8mHZ6EQ-2048x1365.jpeg 2048w, https:\/\/cinemaqueer.se\/_eng\/wp-content\/uploads\/2026\/02\/e8mHZ6EQ-700x467.jpeg 700w\" sizes=\"auto, (max-width: 2560px) 100vw, 2560px\" \/>\t\t\t\t\t\t\t\t<\/a>\n\t\t\t\t\t\t\t<\/div>\n\t\t\t\t\t\t\t\t\t\t\t\t<div class=\"qode-bct-post-text\">\n\t\t\t\t\t\t\t<h3 class=\"qode-bct-post-title entry_title\" itemprop=\"name\">\n\t\t\t\t\t\t\t\t<a href=\"https:\/\/cinemaqueer.se\/_eng\/2026\/02\/23\/anmalan-till-festival-2026-ar-nu-oppen\/\" itemprop=\"url\">Submission to Cinema Queer 2026 is now open!<\/a>\n\t\t\t\t\t\t\t<\/h3>\n\t\t\t\t\t\t\t\t\t\t\t\t\t\t<p itemprop=\"description\" class = \"qode-bct-post-excerpt\"> The Cinema Queer International Film Festival takes place between September 28 and October 4, 2026. We accept films, performances, art projects, and everything in between. To submit, fill out the form. If you have any further questions, don\u2019t hesitate to contact us at: info@cinemaqueer.se. Submit...<\/p>\n\t\t\t\t\t\t\t<div class=\"qode-bct-post-date entry_date updated\" itemprop=\"dateCreated\">\n\t\t\t\t\t\t\t\t23 februari 2026\t\t\t\t\t\t\t\t<meta itemprop=\"interactionCount\" content=\"UserComments: 0\"\/>\n\t\t\t\t\t\t\t<\/div>\n\t\t\t\t\t\t<\/div>\n\t\t\t\t\t<\/div>\n\t\t\t\t\t\t\t\t\t\t\t\t<div class=\"qode-bct-post\">\n\t\t\t\t\t\t\t\t\t\t\t\t\t<div class=\"qode-bct-post-image\">\n\t\t\t\t\t\t\t\t<a href=\"https:\/\/cinemaqueer.se\/_eng\/2026\/02\/23\/4-mars-syster-sno-is-your-boyfriend-a-fascist\/\" itemprop=\"url\">\n\t\t\t\t\t\t\t\t\t<img loading=\"lazy\" decoding=\"async\" width=\"2560\" height=\"1707\" src=\"https:\/\/cinemaqueer.se\/_eng\/wp-content\/uploads\/2026\/02\/2dl2fDVg-scaled.jpeg\" class=\"attachment-full size-full wp-post-image\" alt=\"\" srcset=\"https:\/\/cinemaqueer.se\/_eng\/wp-content\/uploads\/2026\/02\/2dl2fDVg-scaled.jpeg 2560w, https:\/\/cinemaqueer.se\/_eng\/wp-content\/uploads\/2026\/02\/2dl2fDVg-300x200.jpeg 300w, https:\/\/cinemaqueer.se\/_eng\/wp-content\/uploads\/2026\/02\/2dl2fDVg-1024x683.jpeg 1024w, https:\/\/cinemaqueer.se\/_eng\/wp-content\/uploads\/2026\/02\/2dl2fDVg-768x512.jpeg 768w, https:\/\/cinemaqueer.se\/_eng\/wp-content\/uploads\/2026\/02\/2dl2fDVg-1536x1024.jpeg 1536w, https:\/\/cinemaqueer.se\/_eng\/wp-content\/uploads\/2026\/02\/2dl2fDVg-2048x1365.jpeg 2048w, https:\/\/cinemaqueer.se\/_eng\/wp-content\/uploads\/2026\/02\/2dl2fDVg-700x467.jpeg 700w\" sizes=\"auto, (max-width: 2560px) 100vw, 2560px\" \/>\t\t\t\t\t\t\t\t<\/a>\n\t\t\t\t\t\t\t<\/div>\n\t\t\t\t\t\t\t\t\t\t\t\t<div class=\"qode-bct-post-text\">\n\t\t\t\t\t\t\t<h3 class=\"qode-bct-post-title entry_title\" itemprop=\"name\">\n\t\t\t\t\t\t\t\t<a href=\"https:\/\/cinemaqueer.se\/_eng\/2026\/02\/23\/4-mars-syster-sno-is-your-boyfriend-a-fascist\/\" itemprop=\"url\">March 4 &#8211; Syster sn\u00f6 &#8211; Is your boyfriend a fascist?<\/a>\n\t\t\t\t\t\t\t<\/h3>\n\t\t\t\t\t\t\t\t\t\t\t\t\t\t<p itemprop=\"description\" class = \"qode-bct-post-excerpt\"> In collaboration with Tempo Documentary Festival, Syster Sn\u00f6 will be a little more Italian this time. After the screening of Matthias Lintner\u2019s My Boyfriend El Fascista, we welcome everyone down to Sn\u00f6vits k\u00e4llare at Ringv\u00e4gen 147. There will be Italo disco, negronis, and subversive revolutionary...<\/p>\n\t\t\t\t\t\t\t<div class=\"qode-bct-post-date entry_date updated\" itemprop=\"dateCreated\">\n\t\t\t\t\t\t\t\t23 februari 2026\t\t\t\t\t\t\t\t<meta itemprop=\"interactionCount\" content=\"UserComments: 0\"\/>\n\t\t\t\t\t\t\t<\/div>\n\t\t\t\t\t\t<\/div>\n\t\t\t\t\t<\/div>\n\t\t\t\t\t\t\t\t\t\t\t\t<div class=\"qode-bct-post\">\n\t\t\t\t\t\t\t\t\t\t\t\t\t<div class=\"qode-bct-post-image\">\n\t\t\t\t\t\t\t\t<a href=\"https:\/\/cinemaqueer.se\/_eng\/2026\/02\/23\/8-april-the-ultimate-l-word-quizz\/\" itemprop=\"url\">\n\t\t\t\t\t\t\t\t\t<img loading=\"lazy\" decoding=\"async\" width=\"1366\" height=\"913\" src=\"https:\/\/cinemaqueer.se\/_eng\/wp-content\/uploads\/2026\/02\/Syster-sno_maj_instagram-post-staende_1080x1350px-scaled-e1775648956743.jpg\" class=\"attachment-full size-full wp-post-image\" alt=\"\" srcset=\"https:\/\/cinemaqueer.se\/_eng\/wp-content\/uploads\/2026\/02\/Syster-sno_maj_instagram-post-staende_1080x1350px-scaled-e1775648956743.jpg 1366w, https:\/\/cinemaqueer.se\/_eng\/wp-content\/uploads\/2026\/02\/Syster-sno_maj_instagram-post-staende_1080x1350px-scaled-e1775648956743-300x201.jpg 300w, https:\/\/cinemaqueer.se\/_eng\/wp-content\/uploads\/2026\/02\/Syster-sno_maj_instagram-post-staende_1080x1350px-scaled-e1775648956743-1024x684.jpg 1024w, https:\/\/cinemaqueer.se\/_eng\/wp-content\/uploads\/2026\/02\/Syster-sno_maj_instagram-post-staende_1080x1350px-scaled-e1775648956743-768x513.jpg 768w, https:\/\/cinemaqueer.se\/_eng\/wp-content\/uploads\/2026\/02\/Syster-sno_maj_instagram-post-staende_1080x1350px-scaled-e1775648956743-700x468.jpg 700w\" sizes=\"auto, (max-width: 1366px) 100vw, 1366px\" \/>\t\t\t\t\t\t\t\t<\/a>\n\t\t\t\t\t\t\t<\/div>\n\t\t\t\t\t\t\t\t\t\t\t\t<div class=\"qode-bct-post-text\">\n\t\t\t\t\t\t\t<h3 class=\"qode-bct-post-title entry_title\" itemprop=\"name\">\n\t\t\t\t\t\t\t\t<a href=\"https:\/\/cinemaqueer.se\/_eng\/2026\/02\/23\/8-april-the-ultimate-l-word-quizz\/\" itemprop=\"url\">6 Maj &#8211; Syster Sn\u00f6 &#8211; S\u00f6ker du v\u00e5rfling med sting?<\/a>\n\t\t\t\t\t\t\t<\/h3>\n\t\t\t\t\t\t\t\t\t\t\t\t\t\t<p itemprop=\"description\" class = \"qode-bct-post-excerpt\"> S\u00f6ker du v\u00e5rfling med sting? \u00c4r du singel och s\u00f6ker efter k\u00e4rleken? Eller vill du hitta nya v\u00e4nner f\u00f6r nya v\u00e5rintressen? Cinema Queers experter \u00e4r redo att hj\u00e4lpa just dig att hitta den perfekta matchen. Oavsett om det \u00e4r k\u00e4rlek, v\u00e4nner eller bara n\u00e5got kul...<\/p>\n\t\t\t\t\t\t\t<div class=\"qode-bct-post-date entry_date updated\" itemprop=\"dateCreated\">\n\t\t\t\t\t\t\t\t23 februari 2026\t\t\t\t\t\t\t\t<meta itemprop=\"interactionCount\" content=\"UserComments: 0\"\/>\n\t\t\t\t\t\t\t<\/div>\n\t\t\t\t\t\t<\/div>\n\t\t\t\t\t<\/div>\n\t\t\t\t\t<\/div>\n\t\t<\/div>\n\t<\/div>[\/vc_column][\/vc_row][vc_row css_animation=&#8221;&#8221; row_type=&#8221;row&#8221; use_row_as_full_screen_section=&#8221;no&#8221; type=&#8221;grid&#8221; angled_section=&#8221;no&#8221; text_align=&#8221;left&#8221; background_image_as_pattern=&#8221;without_pattern&#8221; z_index=&#8221;&#8221; padding_top=&#8221;40&#8243; padding_bottom=&#8221;40&#8243;][vc_column width=&#8221;1\/4&#8243;][vc_empty_space height=&#8221;2px&#8221;][\/vc_column][vc_column width=&#8221;1\/2&#8243;][vc_single_image image=&#8221;56&#8243; img_size=&#8221;full&#8221; css=&#8221;&#8221; qode_css_animation=&#8221;&#8221;][\/vc_column][vc_column width=&#8221;1\/4&#8243;][vc_empty_space height=&#8221;12px&#8221;][\/vc_column][\/vc_row]<\/p>\n<\/div>","protected":false},"excerpt":{"rendered":"<p>[vc_row css_animation=&#8221;&#8221; row_type=&#8221;row&#8221; use_row_as_full_screen_section=&#8221;no&#8221; type=&#8221;full_width&#8221; angled_section=&#8221;no&#8221; text_align=&#8221;left&#8221; background_image_as_pattern=&#8221;without_pattern&#8221;][vc_column][\/vc_column][\/vc_row][vc_row css_animation=&#8221;&#8221; row_type=&#8221;row&#8221; use_row_as_full_screen_section=&#8221;no&#8221; type=&#8221;grid&#8221; angled_section=&#8221;no&#8221; text_align=&#8221;left&#8221; background_image_as_pattern=&#8221;without_pattern&#8221; z_index=&#8221;&#8221; padding_top=&#8221;40&#8243; padding_bottom=&#8221;40&#8243;][vc_column width=&#8221;1\/4&#8243;][vc_empty_space height=&#8221;2px&#8221;][\/vc_column][vc_column width=&#8221;1\/2&#8243;][vc_single_image image=&#8221;56&#8243; img_size=&#8221;full&#8221; css=&#8221;&#8221; qode_css_animation=&#8221;&#8221;][\/vc_column][vc_column width=&#8221;1\/4&#8243;][vc_empty_space height=&#8221;12px&#8221;][\/vc_column][\/vc_row]<\/p>\n","protected":false},"author":1,"featured_media":0,"parent":0,"menu_order":0,"comment_status":"closed","ping_status":"closed","template":"","meta":{"footnotes":""},"class_list":["post-103","page","type-page","status-publish","hentry"],"_links":{"self":[{"href":"https:\/\/cinemaqueer.se\/_eng\/wp-json\/wp\/v2\/pages\/103","targetHints":{"allow":["GET"]}}],"collection":[{"href":"https:\/\/cinemaqueer.se\/_eng\/wp-json\/wp\/v2\/pages"}],"about":[{"href":"https:\/\/cinemaqueer.se\/_eng\/wp-json\/wp\/v2\/types\/page"}],"author":[{"embeddable":true,"href":"https:\/\/cinemaqueer.se\/_eng\/wp-json\/wp\/v2\/users\/1"}],"replies":[{"embeddable":true,"href":"https:\/\/cinemaqueer.se\/_eng\/wp-json\/wp\/v2\/comments?post=103"}],"version-history":[{"count":0,"href":"https:\/\/cinemaqueer.se\/_eng\/wp-json\/wp\/v2\/pages\/103\/revisions"}],"wp:attachment":[{"href":"https:\/\/cinemaqueer.se\/_eng\/wp-json\/wp\/v2\/media?parent=103"}],"curies":[{"name":"wp","href":"https:\/\/api.w.org\/{rel}","templated":true}]}}