{"id":144,"date":"2025-12-20T12:08:04","date_gmt":"2025-12-20T11:08:04","guid":{"rendered":"https:\/\/cinemaqueer.se\/25\/?page_id=144"},"modified":"2026-03-03T15:39:21","modified_gmt":"2026-03-03T14:39:21","slug":"project","status":"publish","type":"page","link":"https:\/\/cinemaqueer.se\/_eng\/project\/","title":{"rendered":"Project"},"content":{"rendered":"<div class=\"wpb-content-wrapper\"><p>[vc_row css_animation=&#8221;&#8221; row_type=&#8221;row&#8221; use_row_as_full_screen_section=&#8221;no&#8221; type=&#8221;grid&#8221; angled_section=&#8221;no&#8221; text_align=&#8221;left&#8221; background_image_as_pattern=&#8221;without_pattern&#8221; z_index=&#8221;&#8221; padding_top=&#8221;40&#8243; padding_bottom=&#8221;40&#8243;][vc_column width=&#8221;1\/2&#8243;][vc_column_text css=&#8221;&#8221;]<\/p>\n<h3>Projekt<\/h3>\n<p class=\"p1\">Cinema Queer \u00e4r Sveriges st\u00f6rsta internationella hbtq-filmfestival och \u00e4ger rum sista veckan i september i Stockholm varje \u00e5r. Cinema Queer grundades 2012 med syfte att bredda det heteronormativa biografutbudet i Sverige samt f\u00f6r att erbjuda Stockholmspubliken en stor bredd av queerfilm.<\/p>\n<p class=\"p1\">Cinema Queer fokuserar p\u00e5 film som ifr\u00e5gas\u00e4tter, diskuterar och ser bortom de r\u00e5dande normerna samt belyser historier som annars inte uppm\u00e4rksammas. M\u00e5let \u00e4r att skapa en sj\u00e4lvklar plattform f\u00f6r hbtq-filmen i Sverige, b\u00e5de f\u00f6r internationell film, men \u00e4ven f\u00f6r svenska filmare och filmintresserade. Cinema Queer erbjuder \u00e4ven barn och ungdomar normbrytande skolbio samt knattefilm f\u00f6r regnb\u00e5gsfamiljen.<\/p>\n<p>Ut\u00f6ver festivalen anordnar Cinema Queer fler specialvisningar under \u00e5ret bland annat under Stockholm Pride och kortfilmsdagen. H\u00e5ll utkik p\u00e5 v\u00e5r hemsida eller facebook f\u00f6r senaste nytt!<\/p>\n<p>Vill du st\u00f6tta Cinema Queer? Bli aktiv medlem! F\u00f6r 500 kronor blir du aktiv medlem i Cinema Queer och st\u00f6ttar v\u00e5rt arbete att g\u00f6ra festival \u00e4nnu lite b\u00e4ttre. Som aktiv medlem f\u00e5r du Cinema Queers nyhetsbrev med nyheter om festivalens alla aktiviteter. F\u00f6r att bli aktiv medlem swisha 500 kr till 123 130 07 97 m\u00e4rk betalningen med Aktiv medlem![\/vc_column_text][\/vc_column][vc_column width=&#8221;1\/2&#8243;][vc_single_image image=&#8221;207&#8243; img_size=&#8221;full&#8221; style=&#8221;vc_box_circle_2&#8243; css=&#8221;&#8221; qode_css_animation=&#8221;&#8221;][\/vc_column][\/vc_row]<\/p>\n<\/div>","protected":false},"excerpt":{"rendered":"<p>[vc_row css_animation=&#8221;&#8221; row_type=&#8221;row&#8221; use_row_as_full_screen_section=&#8221;no&#8221; type=&#8221;grid&#8221; angled_section=&#8221;no&#8221; text_align=&#8221;left&#8221; background_image_as_pattern=&#8221;without_pattern&#8221; z_index=&#8221;&#8221; padding_top=&#8221;40&#8243; padding_bottom=&#8221;40&#8243;][vc_column width=&#8221;1\/2&#8243;][vc_column_text css=&#8221;&#8221;] Projekt Cinema Queer \u00e4r Sveriges st\u00f6rsta internationella hbtq-filmfestival och \u00e4ger rum sista veckan i september i Stockholm varje \u00e5r. Cinema Queer grundades 2012 med syfte att bredda det heteronormativa biografutbudet i Sverige&#8230;<\/p>\n","protected":false},"author":1,"featured_media":0,"parent":0,"menu_order":0,"comment_status":"closed","ping_status":"closed","template":"","meta":{"footnotes":""},"class_list":["post-144","page","type-page","status-publish","hentry"],"_links":{"self":[{"href":"https:\/\/cinemaqueer.se\/_eng\/wp-json\/wp\/v2\/pages\/144","targetHints":{"allow":["GET"]}}],"collection":[{"href":"https:\/\/cinemaqueer.se\/_eng\/wp-json\/wp\/v2\/pages"}],"about":[{"href":"https:\/\/cinemaqueer.se\/_eng\/wp-json\/wp\/v2\/types\/page"}],"author":[{"embeddable":true,"href":"https:\/\/cinemaqueer.se\/_eng\/wp-json\/wp\/v2\/users\/1"}],"replies":[{"embeddable":true,"href":"https:\/\/cinemaqueer.se\/_eng\/wp-json\/wp\/v2\/comments?post=144"}],"version-history":[{"count":2,"href":"https:\/\/cinemaqueer.se\/_eng\/wp-json\/wp\/v2\/pages\/144\/revisions"}],"predecessor-version":[{"id":208,"href":"https:\/\/cinemaqueer.se\/_eng\/wp-json\/wp\/v2\/pages\/144\/revisions\/208"}],"wp:attachment":[{"href":"https:\/\/cinemaqueer.se\/_eng\/wp-json\/wp\/v2\/media?parent=144"}],"curies":[{"name":"wp","href":"https:\/\/api.w.org\/{rel}","templated":true}]}}