{"id":26,"date":"2025-12-16T16:13:25","date_gmt":"2025-12-16T15:13:25","guid":{"rendered":"https:\/\/cinemaqueer.se\/25\/?page_id=26"},"modified":"2025-12-21T17:11:17","modified_gmt":"2025-12-21T16:11:17","slug":"previous-festivals","status":"publish","type":"page","link":"https:\/\/cinemaqueer.se\/_eng\/previous-festivals\/","title":{"rendered":"Previous festivals"},"content":{"rendered":"<div class=\"wpb-content-wrapper\"><p>[vc_row css_animation=&#8221;&#8221; row_type=&#8221;row&#8221; use_row_as_full_screen_section=&#8221;no&#8221; type=&#8221;grid&#8221; angled_section=&#8221;no&#8221; text_align=&#8221;left&#8221; background_image_as_pattern=&#8221;without_pattern&#8221; z_index=&#8221;&#8221; padding_top=&#8221;40&#8243; padding_bottom=&#8221;40&#8243;][vc_column width=&#8221;1\/2&#8243;][vc_column_text css=&#8221;&#8221;]<\/p>\n<div id=\"norebro-custom-694184297796d\" class=\"norebro-heading-sc heading text-left\">\n<h3 class=\"title\">Kontakt<\/h3>\n<\/div>\n<div id=\"norebro-custom-6941842977a25\" class=\"norebro-text-sc \">\n<p>Cinema Queer International Film Festival<br \/>\nBox 17099<br \/>\n10462 Stockholm<br \/>\nSweden<\/p>\n<p><strong>Festivalchefer<\/strong><\/p>\n<p>Melissa Lindgren 073 \u2013 974 18 20<br \/>\nOscar Eriksson 073 -682 75 23<\/p>\n<p>info@cinemaqueer.se<\/p>\n<p>F\u00f6r att anm\u00e4la din film till festivalen anv\u00e4nd f\u00f6ljande<\/p>\n<\/div>\n<p>[\/vc_column_text][\/vc_column][vc_column width=&#8221;1\/2&#8243;][vc_single_image img_size=&#8221;full&#8221; css=&#8221;&#8221; qode_css_animation=&#8221;&#8221;][\/vc_column][\/vc_row]<\/p>\n<\/div>","protected":false},"excerpt":{"rendered":"<p>[vc_row css_animation=&#8221;&#8221; row_type=&#8221;row&#8221; use_row_as_full_screen_section=&#8221;no&#8221; type=&#8221;grid&#8221; angled_section=&#8221;no&#8221; text_align=&#8221;left&#8221; background_image_as_pattern=&#8221;without_pattern&#8221; z_index=&#8221;&#8221; padding_top=&#8221;40&#8243; padding_bottom=&#8221;40&#8243;][vc_column width=&#8221;1\/2&#8243;][vc_column_text css=&#8221;&#8221;] Kontakt Cinema Queer International Film Festival Box 17099 10462 Stockholm Sweden Festivalchefer Melissa Lindgren 073 \u2013 974 18 20 Oscar Eriksson 073 -682 75 23 info@cinemaqueer.se F\u00f6r att anm\u00e4la din film till&#8230;<\/p>\n","protected":false},"author":1,"featured_media":0,"parent":0,"menu_order":0,"comment_status":"closed","ping_status":"closed","template":"","meta":{"footnotes":""},"class_list":["post-26","page","type-page","status-publish","hentry"],"_links":{"self":[{"href":"https:\/\/cinemaqueer.se\/_eng\/wp-json\/wp\/v2\/pages\/26","targetHints":{"allow":["GET"]}}],"collection":[{"href":"https:\/\/cinemaqueer.se\/_eng\/wp-json\/wp\/v2\/pages"}],"about":[{"href":"https:\/\/cinemaqueer.se\/_eng\/wp-json\/wp\/v2\/types\/page"}],"author":[{"embeddable":true,"href":"https:\/\/cinemaqueer.se\/_eng\/wp-json\/wp\/v2\/users\/1"}],"replies":[{"embeddable":true,"href":"https:\/\/cinemaqueer.se\/_eng\/wp-json\/wp\/v2\/comments?post=26"}],"version-history":[{"count":1,"href":"https:\/\/cinemaqueer.se\/_eng\/wp-json\/wp\/v2\/pages\/26\/revisions"}],"predecessor-version":[{"id":172,"href":"https:\/\/cinemaqueer.se\/_eng\/wp-json\/wp\/v2\/pages\/26\/revisions\/172"}],"wp:attachment":[{"href":"https:\/\/cinemaqueer.se\/_eng\/wp-json\/wp\/v2\/media?parent=26"}],"curies":[{"name":"wp","href":"https:\/\/api.w.org\/{rel}","templated":true}]}}