{"id":10,"date":"2021-08-31T15:12:26","date_gmt":"2021-08-31T13:12:26","guid":{"rendered":"https:\/\/cinemaqueer.se\/cq21\/?page_id=10"},"modified":"2021-09-21T19:03:00","modified_gmt":"2021-09-21T17:03:00","slug":"biljetter","status":"publish","type":"page","link":"https:\/\/cinemaqueer.se\/cq21\/biljetter\/","title":{"rendered":"Biljetter"},"content":{"rendered":"<div class=\"wpb-content-wrapper\"><p>[vc_row css_animation=&#8221;&#8221; row_type=&#8221;row&#8221; use_row_as_full_screen_section=&#8221;no&#8221; type=&#8221;full_width&#8221; angled_section=&#8221;no&#8221; text_align=&#8221;left&#8221; background_image_as_pattern=&#8221;without_pattern&#8221;][vc_column width=&#8221;1\/6&#8243;][\/vc_column][vc_column width=&#8221;2\/3&#8243;][vc_column_text]<\/p>\n<h1><strong>Se alla filmer eller bara en favorit?\u00a0<\/strong><\/h1>\n<p>K\u00f6p dina biljetter idag! Alla biljetter till \u00e5rets festival k\u00f6ps via Kulturbiljetter eller med Swish p\u00e5 plats under festivalen. Vi \u00e4r en helt kontantl\u00f6s festival och kan tyv\u00e4rr inte ta emot kontanter.[\/vc_column_text][\/vc_column][vc_column width=&#8221;1\/6&#8243;][\/vc_column][\/vc_row][vc_row css_animation=&#8221;&#8221; row_type=&#8221;row&#8221; use_row_as_full_screen_section=&#8221;no&#8221; type=&#8221;full_width&#8221; angled_section=&#8221;no&#8221; text_align=&#8221;left&#8221; background_image_as_pattern=&#8221;without_pattern&#8221; z_index=&#8221;&#8221; padding_top=&#8221;100&#8243; padding_bottom=&#8221;100&#8243;][vc_column width=&#8221;1\/3&#8243;]<a  itemprop=\"url\" href=\"https:\/\/kulturbiljetter.se\/arrang%C3%B6r\/105\/cinema-queer\/\" target=\"_blank\"  class=\"qbutton  big_large_full_width default\" style=\"font-weight: 500; \">FILMBILJETTER 80 KR<\/a>[vc_column_text]En enskild biljett g\u00e4ller till respektive film, performance och f\u00f6rest\u00e4llning. En biljett kostar 80 kronor.[\/vc_column_text][vc_empty_space]<a  itemprop=\"url\" href=\"https:\/\/kulturbiljetter.se\/evenemang\/5109\/grottan-en-queer-underjordisk-kv%C3%A4ll\" target=\"_blank\"  class=\"qbutton  big_large_full_width default\" style=\"font-weight: 500; \">QUEERGROTTAN 150 KR<\/a>[vc_column_text]Ett f\u00e5tal unika biljetter s\u00e4ljs till denna helkv\u00e4ll i Grottan. H\u00e4r bjuder vi p\u00e5 kortfilm, musik och avslutar med skr\u00e4ckklassiker![\/vc_column_text][\/vc_column][vc_column width=&#8221;1\/3&#8243;]<a  itemprop=\"url\" href=\"https:\/\/kulturbiljetter.se\/evenemang\/5081\/cinema-queer-festivalpass-4-10-okt-2021\" target=\"_blank\"  class=\"qbutton  big_large_full_width default\" style=\"font-weight: 500; \">FESTIVALPASS 350 KR<\/a>[vc_column_text]G\u00e4ller i m\u00e5n av plats till samtliga programpunkter samt tillg\u00e5ng till den digitala festivalen p\u00e5 drakenfilm.se OBS! G\u00e4ller ej invigningen. Ett festivalpass kostar 350 kronor.<\/p>\n<p>Passet ger dig \u00e4ven tilltr\u00e4de till den digitala festivalen p\u00e5 Drakenfilm.se. Registrera dig som vanligt p\u00e5 <a class=\"\" href=\"http:\/\/drakenfilm.se\/cinemaqueer\">drakenfilm.se\/cinemaqueer<\/a>och ange din unika kod f\u00f6r att f\u00e5 passet gratis. Koden hittar du p\u00e5 din biljett f\u00f6r festivalpasset.[\/vc_column_text][\/vc_column][vc_column width=&#8221;1\/3&#8243;]<a  itemprop=\"url\" href=\"https:\/\/drakenfilm.se\/cinemaqueer\" target=\"_blank\"  class=\"qbutton  big_large_full_width default\" style=\"font-weight: 500; \">DIGITALT FESTIVALPASS 100 KR<\/a>[vc_column_text]Tillg\u00e5ng till den digitala festivalen p\u00e5 drakenfilm.se, OBS! registrering och f\u00f6rs\u00e4ljning \u00f6ppnar 29 sep och filmerna finns tillg\u00e4ngliga 4-10 okt. Ett digitalt filmpass kostar 100 kronor.<\/p>\n<p>Filmerna som ing\u00e5r \u00e4r; Nico, Made on the Rooftop, A Distant Place, Madalen, Forgotten Roads, Metamorphosis, The Greenhouse, Love, Spells and All That, Sex and Revolution, Las Flores del la Noche, Death and Bowling, Kelet och massa kortfilm![\/vc_column_text][\/vc_column][\/vc_row][vc_row css_animation=&#8221;&#8221; row_type=&#8221;row&#8221; use_row_as_full_screen_section=&#8221;no&#8221; type=&#8221;full_width&#8221; angled_section=&#8221;no&#8221; text_align=&#8221;left&#8221; background_image_as_pattern=&#8221;without_pattern&#8221; z_index=&#8221;&#8221; padding_top=&#8221;40&#8243; padding_bottom=&#8221;40&#8243;][vc_column width=&#8221;1\/3&#8243;][\/vc_column][vc_column width=&#8221;1\/3&#8243;][vc_single_image image=&#8221;192&#8243; img_size=&#8221;full&#8221; qode_css_animation=&#8221;&#8221;][vc_column_text]<\/p>\n<h2>St\u00f6tta festivalen!<\/h2>\n<p>Vill du st\u00f6tta festivalen med ett ekonomiskt bidrag och p\u00e5 s\u00e5 s\u00e4tt hj\u00e4lpa oss att v\u00e4xa och g\u00f6ra v\u00e5r verksamhet \u00e4nnu b\u00e4ttre? Cinema Queer drivs till stor del p\u00e5 volont\u00e4ra krafter och vi uppskattar er hj\u00e4lp. Swisha oss ett valfritt bidrag och m\u00e4rk betalningen med <strong>bidrag.\u00a0<\/strong><\/p>\n<h2><strong>SWISH: 123 130 07 97<\/strong><\/h2>\n<p>Tack![\/vc_column_text][\/vc_column][vc_column width=&#8221;1\/3&#8243;][\/vc_column][\/vc_row]<\/p>\n<\/div>","protected":false},"excerpt":{"rendered":"<p>[vc_row css_animation=&#8221;&#8221; row_type=&#8221;row&#8221; use_row_as_full_screen_section=&#8221;no&#8221; type=&#8221;full_width&#8221; angled_section=&#8221;no&#8221; text_align=&#8221;left&#8221; background_image_as_pattern=&#8221;without_pattern&#8221;][vc_column width=&#8221;1\/6&#8243;][\/vc_column][vc_column width=&#8221;2\/3&#8243;][vc_column_text] Se alla filmer eller bara en favorit?\u00a0 K\u00f6p dina biljetter idag! Alla biljetter till \u00e5rets festival k\u00f6ps via Kulturbiljetter eller med Swish p\u00e5 plats under festivalen. Vi \u00e4r en helt kontantl\u00f6s festival och kan tyv\u00e4rr&#8230;<\/p>\n","protected":false},"author":1,"featured_media":0,"parent":0,"menu_order":0,"comment_status":"closed","ping_status":"closed","template":"","meta":{"footnotes":""},"class_list":["post-10","page","type-page","status-publish","hentry"],"yoast_head":"<!-- This site is optimized with the Yoast SEO plugin v27.5 - https:\/\/yoast.com\/product\/yoast-seo-wordpress\/ -->\n<title>Biljetter - Cinema Queer 2021<\/title>\n<meta name=\"robots\" content=\"index, follow, max-snippet:-1, max-image-preview:large, max-video-preview:-1\" \/>\n<link rel=\"canonical\" href=\"https:\/\/cinemaqueer.se\/cq21\/biljetter\/\" \/>\n<meta property=\"og:locale\" content=\"sv_SE\" \/>\n<meta property=\"og:type\" content=\"article\" \/>\n<meta property=\"og:title\" content=\"Biljetter - Cinema Queer 2021\" \/>\n<meta property=\"og:description\" content=\"[vc_row css_animation=&#8221;&#8221; row_type=&#8221;row&#8221; use_row_as_full_screen_section=&#8221;no&#8221; type=&#8221;full_width&#8221; angled_section=&#8221;no&#8221; text_align=&#8221;left&#8221; background_image_as_pattern=&#8221;without_pattern&#8221;][vc_column width=&#8221;1\/6&#8243;][\/vc_column][vc_column width=&#8221;2\/3&#8243;][vc_column_text] Se alla filmer eller bara en favorit?\u00a0 K\u00f6p dina biljetter idag! Alla biljetter till \u00e5rets festival k\u00f6ps via Kulturbiljetter eller med Swish p\u00e5 plats under festivalen. Vi \u00e4r en helt kontantl\u00f6s festival och kan tyv\u00e4rr...\" \/>\n<meta property=\"og:url\" content=\"https:\/\/cinemaqueer.se\/cq21\/biljetter\/\" \/>\n<meta property=\"og:site_name\" content=\"Cinema Queer 2021\" \/>\n<meta property=\"article:modified_time\" content=\"2021-09-21T17:03:00+00:00\" \/>\n<meta name=\"twitter:card\" content=\"summary_large_image\" \/>\n<meta name=\"twitter:label1\" content=\"Ber\u00e4knad l\u00e4stid\" \/>\n\t<meta name=\"twitter:data1\" content=\"2 minuter\" \/>\n<script type=\"application\/ld+json\" class=\"yoast-schema-graph\">{\"@context\":\"https:\\\/\\\/schema.org\",\"@graph\":[{\"@type\":\"WebPage\",\"@id\":\"https:\\\/\\\/cinemaqueer.se\\\/cq21\\\/biljetter\\\/\",\"url\":\"https:\\\/\\\/cinemaqueer.se\\\/cq21\\\/biljetter\\\/\",\"name\":\"Biljetter - Cinema Queer 2021\",\"isPartOf\":{\"@id\":\"https:\\\/\\\/cinemaqueer.se\\\/cq21\\\/#website\"},\"datePublished\":\"2021-08-31T13:12:26+00:00\",\"dateModified\":\"2021-09-21T17:03:00+00:00\",\"breadcrumb\":{\"@id\":\"https:\\\/\\\/cinemaqueer.se\\\/cq21\\\/biljetter\\\/#breadcrumb\"},\"inLanguage\":\"sv-SE\",\"potentialAction\":[{\"@type\":\"ReadAction\",\"target\":[\"https:\\\/\\\/cinemaqueer.se\\\/cq21\\\/biljetter\\\/\"]}]},{\"@type\":\"BreadcrumbList\",\"@id\":\"https:\\\/\\\/cinemaqueer.se\\\/cq21\\\/biljetter\\\/#breadcrumb\",\"itemListElement\":[{\"@type\":\"ListItem\",\"position\":1,\"name\":\"Hem\",\"item\":\"https:\\\/\\\/cinemaqueer.se\\\/cq21\\\/\"},{\"@type\":\"ListItem\",\"position\":2,\"name\":\"Biljetter\"}]},{\"@type\":\"WebSite\",\"@id\":\"https:\\\/\\\/cinemaqueer.se\\\/cq21\\\/#website\",\"url\":\"https:\\\/\\\/cinemaqueer.se\\\/cq21\\\/\",\"name\":\"Cinema Queer 2021\",\"description\":\"International filmfestival\",\"potentialAction\":[{\"@type\":\"SearchAction\",\"target\":{\"@type\":\"EntryPoint\",\"urlTemplate\":\"https:\\\/\\\/cinemaqueer.se\\\/cq21\\\/?s={search_term_string}\"},\"query-input\":{\"@type\":\"PropertyValueSpecification\",\"valueRequired\":true,\"valueName\":\"search_term_string\"}}],\"inLanguage\":\"sv-SE\"}]}<\/script>\n<!-- \/ Yoast SEO plugin. -->","yoast_head_json":{"title":"Biljetter - Cinema Queer 2021","robots":{"index":"index","follow":"follow","max-snippet":"max-snippet:-1","max-image-preview":"max-image-preview:large","max-video-preview":"max-video-preview:-1"},"canonical":"https:\/\/cinemaqueer.se\/cq21\/biljetter\/","og_locale":"sv_SE","og_type":"article","og_title":"Biljetter - Cinema Queer 2021","og_description":"[vc_row css_animation=&#8221;&#8221; row_type=&#8221;row&#8221; use_row_as_full_screen_section=&#8221;no&#8221; type=&#8221;full_width&#8221; angled_section=&#8221;no&#8221; text_align=&#8221;left&#8221; background_image_as_pattern=&#8221;without_pattern&#8221;][vc_column width=&#8221;1\/6&#8243;][\/vc_column][vc_column width=&#8221;2\/3&#8243;][vc_column_text] Se alla filmer eller bara en favorit?\u00a0 K\u00f6p dina biljetter idag! Alla biljetter till \u00e5rets festival k\u00f6ps via Kulturbiljetter eller med Swish p\u00e5 plats under festivalen. Vi \u00e4r en helt kontantl\u00f6s festival och kan tyv\u00e4rr...","og_url":"https:\/\/cinemaqueer.se\/cq21\/biljetter\/","og_site_name":"Cinema Queer 2021","article_modified_time":"2021-09-21T17:03:00+00:00","twitter_card":"summary_large_image","twitter_misc":{"Ber\u00e4knad l\u00e4stid":"2 minuter"},"schema":{"@context":"https:\/\/schema.org","@graph":[{"@type":"WebPage","@id":"https:\/\/cinemaqueer.se\/cq21\/biljetter\/","url":"https:\/\/cinemaqueer.se\/cq21\/biljetter\/","name":"Biljetter - Cinema Queer 2021","isPartOf":{"@id":"https:\/\/cinemaqueer.se\/cq21\/#website"},"datePublished":"2021-08-31T13:12:26+00:00","dateModified":"2021-09-21T17:03:00+00:00","breadcrumb":{"@id":"https:\/\/cinemaqueer.se\/cq21\/biljetter\/#breadcrumb"},"inLanguage":"sv-SE","potentialAction":[{"@type":"ReadAction","target":["https:\/\/cinemaqueer.se\/cq21\/biljetter\/"]}]},{"@type":"BreadcrumbList","@id":"https:\/\/cinemaqueer.se\/cq21\/biljetter\/#breadcrumb","itemListElement":[{"@type":"ListItem","position":1,"name":"Hem","item":"https:\/\/cinemaqueer.se\/cq21\/"},{"@type":"ListItem","position":2,"name":"Biljetter"}]},{"@type":"WebSite","@id":"https:\/\/cinemaqueer.se\/cq21\/#website","url":"https:\/\/cinemaqueer.se\/cq21\/","name":"Cinema Queer 2021","description":"International filmfestival","potentialAction":[{"@type":"SearchAction","target":{"@type":"EntryPoint","urlTemplate":"https:\/\/cinemaqueer.se\/cq21\/?s={search_term_string}"},"query-input":{"@type":"PropertyValueSpecification","valueRequired":true,"valueName":"search_term_string"}}],"inLanguage":"sv-SE"}]}},"_links":{"self":[{"href":"https:\/\/cinemaqueer.se\/cq21\/wp-json\/wp\/v2\/pages\/10","targetHints":{"allow":["GET"]}}],"collection":[{"href":"https:\/\/cinemaqueer.se\/cq21\/wp-json\/wp\/v2\/pages"}],"about":[{"href":"https:\/\/cinemaqueer.se\/cq21\/wp-json\/wp\/v2\/types\/page"}],"author":[{"embeddable":true,"href":"https:\/\/cinemaqueer.se\/cq21\/wp-json\/wp\/v2\/users\/1"}],"replies":[{"embeddable":true,"href":"https:\/\/cinemaqueer.se\/cq21\/wp-json\/wp\/v2\/comments?post=10"}],"version-history":[{"count":21,"href":"https:\/\/cinemaqueer.se\/cq21\/wp-json\/wp\/v2\/pages\/10\/revisions"}],"predecessor-version":[{"id":573,"href":"https:\/\/cinemaqueer.se\/cq21\/wp-json\/wp\/v2\/pages\/10\/revisions\/573"}],"wp:attachment":[{"href":"https:\/\/cinemaqueer.se\/cq21\/wp-json\/wp\/v2\/media?parent=10"}],"curies":[{"name":"wp","href":"https:\/\/api.w.org\/{rel}","templated":true}]}}