{"id":12,"date":"2021-08-31T15:12:45","date_gmt":"2021-08-31T13:12:45","guid":{"rendered":"https:\/\/cinemaqueer.se\/cq21\/?page_id=12"},"modified":"2021-10-03T19:43:28","modified_gmt":"2021-10-03T17:43:28","slug":"schema","status":"publish","type":"page","link":"https:\/\/cinemaqueer.se\/cq21\/schema\/","title":{"rendered":"Schema"},"content":{"rendered":"<div class=\"wpb-content-wrapper\"><p>[vc_row css_animation=&#8221;&#8221; row_type=&#8221;row&#8221; use_row_as_full_screen_section=&#8221;no&#8221; type=&#8221;full_width&#8221; angled_section=&#8221;no&#8221; text_align=&#8221;left&#8221; background_image_as_pattern=&#8221;without_pattern&#8221; z_index=&#8221;&#8221; padding_top=&#8221;100&#8243; padding_bottom=&#8221;50&#8243;][vc_column width=&#8221;1\/6&#8243;][\/vc_column][vc_column width=&#8221;2\/3&#8243;][vc_column_text css=&#8221;.vc_custom_1631705458764{border-top-width: 20px !important;border-right-width: 20px !important;border-bottom-width: 20px !important;border-left-width: 20px !important;padding-top: 30px !important;padding-right: 30px !important;padding-bottom: 30px !important;padding-left: 30px !important;background-color: #ffe43e !important;border-left-color: #ff12d2 !important;border-left-style: outset !important;border-right-color: #ff12d2 !important;border-right-style: outset !important;border-top-color: #ff12d2 !important;border-top-style: outset !important;border-bottom-color: #ff12d2 !important;border-bottom-style: outset !important;}&#8221;]<\/p>\n<h2><b>M\u00e5ndag 4 oktober<\/b><\/h2>\n<h3><b>Guldfabriken, Hallv\u00e4gen 32<\/b><\/h3>\n<h4><\/h4>\n<p><span style=\"font-weight: 400;\">18.00 Invigningsceremoni<br \/>\n<\/span><span style=\"font-weight: 400;\">18.30 Invigningsfilm: <a href=\"https:\/\/cinemaqueer.se\/portfolio_page\/rebel-dykes\/\">Rebel Dykes<\/a><br \/>\n<\/span><span style=\"font-weight: 400;\">22.00 Performance: <a href=\"https:\/\/cinemaqueer.se\/portfolio_page\/akt-12\/\">Nenah<\/a><\/span>[\/vc_column_text][\/vc_column][vc_column width=&#8221;1\/6&#8243;][\/vc_column][\/vc_row][vc_row css_animation=&#8221;&#8221; row_type=&#8221;row&#8221; use_row_as_full_screen_section=&#8221;no&#8221; type=&#8221;full_width&#8221; angled_section=&#8221;no&#8221; text_align=&#8221;left&#8221; background_image_as_pattern=&#8221;without_pattern&#8221; z_index=&#8221;&#8221; padding_top=&#8221;50&#8243; padding_bottom=&#8221;50&#8243;][vc_column width=&#8221;1\/6&#8243;][\/vc_column][vc_column width=&#8221;2\/3&#8243;][vc_column_text css=&#8221;.vc_custom_1631705648722{border-top-width: 20px !important;border-right-width: 20px !important;border-bottom-width: 20px !important;border-left-width: 20px !important;padding-top: 30px !important;padding-right: 30px !important;padding-bottom: 30px !important;padding-left: 30px !important;background-color: #ffe43e !important;border-left-color: #ff12d2 !important;border-left-style: outset !important;border-right-color: #ff12d2 !important;border-right-style: outset !important;border-top-color: #ff12d2 !important;border-top-style: outset !important;border-bottom-color: #ff12d2 !important;border-bottom-style: outset !important;}&#8221;]<\/p>\n<h2><b>Tisdag 5 oktober<\/b><\/h2>\n<h3><b>Borgila, M\/S Borgila S\u00f6derm\u00e4larstrand kajplats 16\u00a0<\/b><\/h3>\n<p><span style=\"font-weight: 400;\">17.00 Premi\u00e4r av ljudverket <a href=\"https:\/\/cinemaqueer.se\/portfolio_page\/akt-6\/\">Airports \/ Matarats<\/a> i samarbete med Rosa brus (kommer g\u00e5 i lilla bion hela veckan)<br \/>\n<\/span><span style=\"font-weight: 400;\">17.30 Filmvisning: <a href=\"https:\/\/cinemaqueer.se\/portfolio_page\/ny-svensk-queerfilm\/\">Ny svensk queerfilm!<\/a><br \/>\n<\/span><span style=\"font-weight: 400;\">19.15 Filmvisning: <a href=\"https:\/\/cinemaqueer.se\/portfolio_page\/swan-song\/\">Swan Song<\/a><br \/>\n<\/span><span style=\"font-weight: 400;\">21.30 Filmvisning: <a href=\"https:\/\/cinemaqueer.se\/portfolio_page\/madalena\/\">Madalena<\/a> (i samarbete med Trans Fest Stockholm)\u00a0<\/span><\/p>\n<h4><\/h4>\n<h3><b>Bar Cinema Queer\u00a0<\/b><\/h3>\n<p><span style=\"font-weight: 400;\">18.00-00.00 <a href=\"https:\/\/cinemaqueer.se\/portfolio_page\/akt-14\/\">Host: Trans Fest Stockholm<\/a><\/span>[\/vc_column_text][\/vc_column][vc_column width=&#8221;1\/6&#8243;][\/vc_column][\/vc_row][vc_row css_animation=&#8221;&#8221; row_type=&#8221;row&#8221; use_row_as_full_screen_section=&#8221;no&#8221; type=&#8221;full_width&#8221; angled_section=&#8221;no&#8221; text_align=&#8221;left&#8221; background_image_as_pattern=&#8221;without_pattern&#8221; z_index=&#8221;&#8221; padding_top=&#8221;50&#8243; padding_bottom=&#8221;50&#8243;][vc_column width=&#8221;1\/6&#8243;][\/vc_column][vc_column width=&#8221;2\/3&#8243;][vc_column_text css=&#8221;.vc_custom_1632913714917{border-top-width: 20px !important;border-right-width: 20px !important;border-bottom-width: 20px !important;border-left-width: 20px !important;padding-top: 30px !important;padding-right: 30px !important;padding-bottom: 30px !important;padding-left: 30px !important;background-color: #ffe43e !important;border-left-color: #ff12d2 !important;border-left-style: outset !important;border-right-color: #ff12d2 !important;border-right-style: outset !important;border-top-color: #ff12d2 !important;border-top-style: outset !important;border-bottom-color: #ff12d2 !important;border-bottom-style: outset !important;}&#8221;]<\/p>\n<h2><b>Onsdag 6 oktober<\/b><\/h2>\n<h3><b>M\/S Borgila S\u00f6derm\u00e4larstrand kajplats 16\u00a0<\/b><\/h3>\n<p>17.00 Filmvisning: <a href=\"https:\/\/cinemaqueer.se\/portfolio_page\/the-greenhouse\/\">Greenhouse<\/a><br \/>\n19.15 Filmvisning: <a href=\"https:\/\/cinemaqueer.se\/portfolio_page\/kelet\/\">Kelet<\/a> + samtal ( i samarbete med Trans Fest Stockholm och CinemAfrica)<br \/>\n21.00\u00a0 Filmvisning: <a href=\"https:\/\/cinemaqueer.se\/portfolio_page\/experimentfilm-c-o-cinemafrica\/\">Experimentfilm c\/o CinemAfrica<\/a><\/p>\n<h4><\/h4>\n<h3><b>Bar Cinema Queer\u00a0<\/b><\/h3>\n<p><span style=\"font-weight: 400;\">18.00-00.00 <a href=\"https:\/\/cinemaqueer.se\/portfolio_page\/akt-14\/\">Host: CinemAfrica\u00a0<\/a><\/span><\/p>\n<h4><\/h4>\n<h2><b>Onsdag 6 oktober<\/b><\/h2>\n<h3><b>Kummelholmen, V\u00e5rholmsbackarna 120<\/b><\/h3>\n<p><span style=\"font-weight: 400;\">17.00 Guidad visning av Kummelholmen<br \/>\n<\/span><span style=\"font-weight: 400;\">18.00 Filmvisning: <a href=\"https:\/\/cinemaqueer.se\/portfolio_page\/outlaws-in-the-living-room\/\">Outlaws in the Living Room<\/a><br \/>\n<\/span><span style=\"font-weight: 400;\">20.00 Filmvisning: <a href=\"https:\/\/cinemaqueer.se\/portfolio_page\/langfilm-18\/\">Modesty and Shame<\/a> + samtal med Eli Lev\u00e9n och Mathias Westin<\/span>[\/vc_column_text][\/vc_column][vc_column width=&#8221;1\/6&#8243;][\/vc_column][\/vc_row][vc_row css_animation=&#8221;&#8221; row_type=&#8221;row&#8221; use_row_as_full_screen_section=&#8221;no&#8221; type=&#8221;full_width&#8221; angled_section=&#8221;no&#8221; text_align=&#8221;left&#8221; background_image_as_pattern=&#8221;without_pattern&#8221; z_index=&#8221;&#8221; padding_top=&#8221;50&#8243; padding_bottom=&#8221;50&#8243;][vc_column width=&#8221;1\/6&#8243;][\/vc_column][vc_column width=&#8221;2\/3&#8243;][vc_column_text css=&#8221;.vc_custom_1631862520921{border-top-width: 20px !important;border-right-width: 20px !important;border-bottom-width: 20px !important;border-left-width: 20px !important;padding-top: 30px !important;padding-right: 30px !important;padding-bottom: 30px !important;padding-left: 30px !important;background-color: #ffe43e !important;border-left-color: #ff12d2 !important;border-left-style: outset !important;border-right-color: #ff12d2 !important;border-right-style: outset !important;border-top-color: #ff12d2 !important;border-top-style: outset !important;border-bottom-color: #ff12d2 !important;border-bottom-style: outset !important;}&#8221;]<\/p>\n<h2><b>Torsdag 7 oktober<\/b><\/h2>\n<h3><b>Borgila, M\/S Borgila S\u00f6derm\u00e4larstrand kajplats 16<\/b><\/h3>\n<p><span style=\"font-weight: 400;\">17.30 Performance: <a href=\"https:\/\/cinemaqueer.se\/portfolio_page\/shirley-harthey-ubilla-abject-of-desire-unplugged\/\">Shirley Harthey Ubilla &#8211; Abject of Desire (UNPLUGGED)<\/a> + samtal<br \/>\n<\/span><span style=\"font-weight: 400;\">19.00 Filmvisning: SAQMI presenterar: <a href=\"https:\/\/cinemaqueer.se\/portfolio_page\/saqmi\/\">Fr\u00e5n Frig\u00f6relse till Transmilitans \u2013 dokument fr\u00e5n queerkampen i Sverig<\/a>e + samtal<br \/>\n<\/span><span style=\"font-weight: 400;\">21.00 Filmvisning: SAQMI Presenterar: <a href=\"https:\/\/cinemaqueer.se\/portfolio_page\/del-vulcano-retro\/\">Del LaGrace Volcano retrospektiv<\/a> + samtal\u00a0<\/span><\/p>\n<h4><\/h4>\n<h3><b>Bar Cinema Queer<\/b><\/h3>\n<p><span style=\"font-weight: 400;\">18.00-00.00 <a href=\"https:\/\/cinemaqueer.se\/portfolio_page\/akt-14\/\">Host: SAQMI<\/a><\/span><\/p>\n<h4><\/h4>\n<h2><b>Torsdag 7 oktober<\/b><\/h2>\n<h3><b>New Bowl Center Gullmarsplan Siml\u00e5ngsv\u00e4gen 50<\/b><\/h3>\n<p><span style=\"font-weight: 400;\">18.00 Bowling!<br \/>\n<\/span><span style=\"font-weight: 400;\">19.00 Filmvisning: <a href=\"https:\/\/cinemaqueer.se\/portfolio_page\/death-and-bowling\/\">Death and Bowling<\/a><br \/>\n<\/span><span style=\"font-weight: 400;\">21.00 Performance: <a href=\"https:\/\/cinemaqueer.se\/portfolio_page\/akt-11\/\">The Camp Dad and Bleach Show\u00a0<\/a><\/span>[\/vc_column_text][\/vc_column][vc_column width=&#8221;1\/6&#8243;][\/vc_column][\/vc_row][vc_row css_animation=&#8221;&#8221; row_type=&#8221;row&#8221; use_row_as_full_screen_section=&#8221;no&#8221; type=&#8221;full_width&#8221; angled_section=&#8221;no&#8221; text_align=&#8221;left&#8221; background_image_as_pattern=&#8221;without_pattern&#8221; z_index=&#8221;&#8221; padding_top=&#8221;50&#8243; padding_bottom=&#8221;50&#8243;][vc_column width=&#8221;1\/6&#8243;][\/vc_column][vc_column width=&#8221;2\/3&#8243;][vc_column_text css=&#8221;.vc_custom_1631706224839{border-top-width: 20px !important;border-right-width: 20px !important;border-bottom-width: 20px !important;border-left-width: 20px !important;padding-top: 30px !important;padding-right: 30px !important;padding-bottom: 30px !important;padding-left: 30px !important;background-color: #ffe43e !important;border-left-color: #ff12d2 !important;border-left-style: outset !important;border-right-color: #ff12d2 !important;border-right-style: outset !important;border-top-color: #ff12d2 !important;border-top-style: outset !important;border-bottom-color: #ff12d2 !important;border-bottom-style: outset !important;}&#8221;]<\/p>\n<h2><b>Fredag 8 oktober<\/b><\/h2>\n<h3><b>Borgila, M\/S Borgila S\u00f6derm\u00e4larstrand kajplats 16<\/b><\/h3>\n<p><span style=\"font-weight: 400;\">18.00 Filmvisning: <a href=\"https:\/\/cinemaqueer.se\/portfolio_page\/nico\/\">Nico<\/a><br \/>\n<\/span><span style=\"font-weight: 400;\">19.30 Filmvisning:\u00a0 <a href=\"https:\/\/cinemaqueer.se\/portfolio_page\/made-on-the-rooftop\/\">Made on the Rooftop<\/a><br \/>\n<\/span><span style=\"font-weight: 400;\">21.00 <a href=\"https:\/\/cinemaqueer.se\/portfolio_page\/akt-5\/\">Mariconas: Humorkv\u00e4ll med Yolanda Aurora Bohm Ramirez, Paloma Yolanda Hal\u00e9n Rom\u00e1n och Olivia Skoglund!<\/a><br \/>\n<\/span><span style=\"font-weight: 400;\">23.00 <a href=\"https:\/\/cinemaqueer.se\/portfolio_page\/akt-15\/\">Fest!\u00a0<\/a><\/span><\/p>\n<h4><\/h4>\n<h3><b>Bar Cinema Queer\u00a0<\/b><\/h3>\n<p><span style=\"font-weight: 400;\">18.00-00.00 <a href=\"https:\/\/cinemaqueer.se\/portfolio_page\/akt-14\/\">Host: Bears Together\u00a0<\/a><\/span><\/p>\n<h4><\/h4>\n<h2><b>Fredag 8 oktober<\/b><\/h2>\n<h3><b>Grottan, Hornsgatan<\/b><\/h3>\n<p><span style=\"font-weight: 400;\">18:00 <a href=\"https:\/\/cinemaqueer.se\/portfolio_page\/palestina\/\">Queer Shorts Palestine<\/a><br \/>\n<\/span><span style=\"font-weight: 400;\">19.00 Performance: <a href=\"https:\/\/cinemaqueer.se\/portfolio_page\/akt-10\/\">Yasmine El Baramawy<\/a> (i samarbete med Shako Mako)<br \/>\n<\/span><span style=\"font-weight: 400;\">20.00 Filmvisning: <a href=\"https:\/\/cinemaqueer.se\/portfolio_page\/the-craft\/\">The Craft<\/a><br \/>\n<\/span><span style=\"font-weight: 400;\">22.00 Performance: <a href=\"https:\/\/cinemaqueer.se\/portfolio_page\/bulgarian-goddess\/\">Bulgarian Goddess<\/a><br \/>\n<\/span><span style=\"font-weight: 400;\">23.00 Filmvisning: <a href=\"https:\/\/cinemaqueer.se\/portfolio_page\/hellbent\/\">Hellbent<\/a>\u00a0<\/span>[\/vc_column_text][\/vc_column][vc_column width=&#8221;1\/6&#8243;][\/vc_column][\/vc_row][vc_row css_animation=&#8221;&#8221; row_type=&#8221;row&#8221; use_row_as_full_screen_section=&#8221;no&#8221; type=&#8221;full_width&#8221; angled_section=&#8221;no&#8221; text_align=&#8221;left&#8221; background_image_as_pattern=&#8221;without_pattern&#8221; z_index=&#8221;&#8221; padding_top=&#8221;50&#8243; padding_bottom=&#8221;50&#8243;][vc_column width=&#8221;1\/6&#8243;][\/vc_column][vc_column width=&#8221;2\/3&#8243;][vc_column_text css=&#8221;.vc_custom_1633283004066{border-top-width: 20px !important;border-right-width: 20px !important;border-bottom-width: 20px !important;border-left-width: 20px !important;padding-top: 30px !important;padding-right: 30px !important;padding-bottom: 30px !important;padding-left: 30px !important;background-color: #ffe43e !important;border-left-color: #ff12d2 !important;border-left-style: outset !important;border-right-color: #ff12d2 !important;border-right-style: outset !important;border-top-color: #ff12d2 !important;border-top-style: outset !important;border-bottom-color: #ff12d2 !important;border-bottom-style: outset !important;}&#8221;]<\/p>\n<h2><b>L\u00f6rdag 9 oktober<\/b><\/h2>\n<h3><b>Cykoplen Magelungsv\u00e4gen 170, stora salen<\/b><\/h3>\n<p><span style=\"font-weight: 400;\">16.00 Livepodd: <a href=\"https:\/\/cinemaqueer.se\/portfolio_page\/heteroakuten-livepodd\/\">Heteroakuten<\/a><br \/>\n<\/span><span style=\"font-weight: 400;\">18.30 Filmvisning: <a href=\"https:\/\/cinemaqueer.se\/portfolio_page\/sexo-revolution\/\">Sex and Revolution<\/a><br \/>\n<\/span><span style=\"font-weight: 400;\">21.00 Performance: <a href=\"https:\/\/cinemaqueer.se\/portfolio_page\/al-jizz-queera\/\">Al-Jizz Queera<\/a><br \/>\n<\/span><span style=\"font-weight: 400;\">22.00 Performance: <a href=\"https:\/\/cinemaqueer.se\/portfolio_page\/akt-8\/\">AMKosman<\/a><br \/>\n<\/span><span style=\"font-weight: 400;\">23.00 Performance: <\/span><strong><a href=\"https:\/\/cinemaqueer.se\/portfolio_page\/akt-9\/\">BLEACH &amp; NANCY!<\/a><br \/>\n<\/strong>00.00<strong><a href=\"https:\/\/cinemaqueer.se\/portfolio_page\/akt-16\/\">Fest!\u00a0<\/a><\/strong><span style=\"font-weight: 400;\"><br \/>\n<\/span><\/p>\n<h4><\/h4>\n<h2><b>L\u00f6rdag 9 oktober<\/b><\/h2>\n<h3><b>Cykoplen Magelungsv\u00e4gen 170, Boxen\u00a0<\/b><\/h3>\n<p><span style=\"font-weight: 400;\">13.00 Filmvisning: <a href=\"https:\/\/cinemaqueer.se\/portfolio_page\/pakistan-the-right-to-love\/\">Pakistan: The Right to Love<\/a> + samtal<br \/>\n<\/span><span style=\"font-weight: 400;\">15.00 Filmvisning: <a href=\"https:\/\/cinemaqueer.se\/portfolio_page\/las-flores-del-la-noche\/\">Las Flores del la Noche<\/a><br \/>\n<\/span><span style=\"font-weight: 400;\">17.00 Filmvisning: <a href=\"https:\/\/cinemaqueer.se\/portfolio_page\/libanon\/\">From Lebanon With Love<\/a><br \/>\n<\/span><span style=\"font-weight: 400;\">18.30 <a href=\"https:\/\/cinemaqueer.se\/portfolio_page\/akt-7\/\">Queers Against Fascism presenterar Cam ShOw<\/a><\/span>[\/vc_column_text][\/vc_column][vc_column width=&#8221;1\/6&#8243;][\/vc_column][\/vc_row][vc_row css_animation=&#8221;&#8221; row_type=&#8221;row&#8221; use_row_as_full_screen_section=&#8221;no&#8221; type=&#8221;full_width&#8221; angled_section=&#8221;no&#8221; text_align=&#8221;left&#8221; background_image_as_pattern=&#8221;without_pattern&#8221; z_index=&#8221;&#8221; padding_top=&#8221;50&#8243; padding_bottom=&#8221;50&#8243;][vc_column width=&#8221;1\/6&#8243;][\/vc_column][vc_column width=&#8221;2\/3&#8243;][vc_column_text css=&#8221;.vc_custom_1631706578930{border-top-width: 20px !important;border-right-width: 20px !important;border-bottom-width: 20px !important;border-left-width: 20px !important;padding-top: 30px !important;padding-right: 30px !important;padding-bottom: 30px !important;padding-left: 30px !important;background-color: #ffe43e !important;border-left-color: #ff12d2 !important;border-left-style: outset !important;border-right-color: #ff12d2 !important;border-right-style: outset !important;border-top-color: #ff12d2 !important;border-top-style: outset !important;border-bottom-color: #ff12d2 !important;border-bottom-style: outset !important;}&#8221;]<\/p>\n<h2><b>S\u00f6ndag 10 oktober<\/b><\/h2>\n<h3><b>Borgila, M\/S Borgila S\u00f6derm\u00e4larstrand\u00a0<\/b><\/h3>\n<p><span style=\"font-weight: 400;\">12.00 Filmvisning: <a href=\"https:\/\/cinemaqueer.se\/portfolio_page\/a-distant-place\/\">A Distant Place\u00a0<\/a><br \/>\n<\/span><span style=\"font-weight: 400;\">14.30 Filmvisning: <a href=\"https:\/\/cinemaqueer.se\/portfolio_page\/love-spells-and-all-that\/\">Love Spells and All That<\/a><br \/>\n<\/span><span style=\"font-weight: 400;\">16.30 Filmvisning: <a href=\"https:\/\/cinemaqueer.se\/portfolio_page\/metamorphosis\/\">Metamorphosis<\/a><br \/>\n<\/span><span style=\"font-weight: 400;\">18.30 Filmvisning: <a href=\"https:\/\/cinemaqueer.se\/portfolio_page\/forgotten-roads\/\">Forgotten Roads\u00a0<\/a><br \/>\n<\/span><span style=\"font-weight: 400;\">21.00 Performance: <a href=\"https:\/\/cinemaqueer.se\/portfolio_page\/akt-13\/\">Baba Karam \u2013 genom Jamileh och Khordadian<\/a><br \/>\n<\/span><span style=\"font-weight: 400;\">22.00 Vi sjunger ut festivalens med\u2026. KARAOKE!\u00a0<\/span><\/p>\n<h4><\/h4>\n<h3><b>Bar Cinema Queer\u00a0<\/b><\/h3>\n<p><span style=\"font-weight: 400;\">18.00-00.00\u00a0 <a href=\"https:\/\/cinemaqueer.se\/portfolio_page\/akt-14\/\">Tom &amp; Bola makes a comeback<\/a><\/span><\/p>\n<h4><\/h4>\n<p>[\/vc_column_text][\/vc_column][vc_column width=&#8221;1\/6&#8243;][\/vc_column][\/vc_row]<\/p>\n<\/div>","protected":false},"excerpt":{"rendered":"<p>[vc_row css_animation=&#8221;&#8221; row_type=&#8221;row&#8221; use_row_as_full_screen_section=&#8221;no&#8221; type=&#8221;full_width&#8221; angled_section=&#8221;no&#8221; text_align=&#8221;left&#8221; background_image_as_pattern=&#8221;without_pattern&#8221; z_index=&#8221;&#8221; padding_top=&#8221;100&#8243; padding_bottom=&#8221;50&#8243;][vc_column width=&#8221;1\/6&#8243;][\/vc_column][vc_column width=&#8221;2\/3&#8243;][vc_column_text css=&#8221;.vc_custom_1631705458764{border-top-width: 20px !important;border-right-width: 20px !important;border-bottom-width: 20px !important;border-left-width: 20px !important;padding-top: 30px !important;padding-right: 30px !important;padding-bottom: 30px !important;padding-left: 30px !important;background-color: #ffe43e !important;border-left-color: #ff12d2 !important;border-left-style: outset !important;border-right-color: #ff12d2 !important;border-right-style: outset !important;border-top-color: #ff12d2 !important;border-top-style: outset !important;border-bottom-color: #ff12d2&#8230;<\/p>\n","protected":false},"author":1,"featured_media":0,"parent":0,"menu_order":0,"comment_status":"closed","ping_status":"closed","template":"full_width.php","meta":{"footnotes":""},"class_list":["post-12","page","type-page","status-publish","hentry"],"yoast_head":"<!-- This site is optimized with the Yoast SEO plugin v27.4 - https:\/\/yoast.com\/product\/yoast-seo-wordpress\/ -->\n<title>Schema - Cinema Queer 2021<\/title>\n<meta name=\"robots\" content=\"index, follow, max-snippet:-1, max-image-preview:large, max-video-preview:-1\" \/>\n<link rel=\"canonical\" href=\"https:\/\/cinemaqueer.se\/cq21\/schema\/\" \/>\n<meta property=\"og:locale\" content=\"sv_SE\" \/>\n<meta property=\"og:type\" content=\"article\" \/>\n<meta property=\"og:title\" content=\"Schema - Cinema Queer 2021\" \/>\n<meta property=\"og:description\" content=\"[vc_row css_animation=&#8221;&#8221; row_type=&#8221;row&#8221; use_row_as_full_screen_section=&#8221;no&#8221; type=&#8221;full_width&#8221; angled_section=&#8221;no&#8221; text_align=&#8221;left&#8221; background_image_as_pattern=&#8221;without_pattern&#8221; z_index=&#8221;&#8221; padding_top=&#8221;100&#8243; padding_bottom=&#8221;50&#8243;][vc_column width=&#8221;1\/6&#8243;][\/vc_column][vc_column width=&#8221;2\/3&#8243;][vc_column_text css=&#8221;.vc_custom_1631705458764{border-top-width: 20px !important;border-right-width: 20px !important;border-bottom-width: 20px !important;border-left-width: 20px !important;padding-top: 30px !important;padding-right: 30px !important;padding-bottom: 30px !important;padding-left: 30px !important;background-color: #ffe43e !important;border-left-color: #ff12d2 !important;border-left-style: outset !important;border-right-color: #ff12d2 !important;border-right-style: outset !important;border-top-color: #ff12d2 !important;border-top-style: outset !important;border-bottom-color: #ff12d2...\" \/>\n<meta property=\"og:url\" content=\"https:\/\/cinemaqueer.se\/cq21\/schema\/\" \/>\n<meta property=\"og:site_name\" content=\"Cinema Queer 2021\" \/>\n<meta property=\"article:modified_time\" content=\"2021-10-03T17:43:28+00:00\" \/>\n<meta name=\"twitter:card\" content=\"summary_large_image\" \/>\n<meta name=\"twitter:label1\" content=\"Ber\u00e4knad l\u00e4stid\" \/>\n\t<meta name=\"twitter:data1\" content=\"4 minuter\" \/>\n<script type=\"application\/ld+json\" class=\"yoast-schema-graph\">{\"@context\":\"https:\\\/\\\/schema.org\",\"@graph\":[{\"@type\":\"WebPage\",\"@id\":\"https:\\\/\\\/cinemaqueer.se\\\/cq21\\\/schema\\\/\",\"url\":\"https:\\\/\\\/cinemaqueer.se\\\/cq21\\\/schema\\\/\",\"name\":\"Schema - Cinema Queer 2021\",\"isPartOf\":{\"@id\":\"https:\\\/\\\/cinemaqueer.se\\\/cq21\\\/#website\"},\"datePublished\":\"2021-08-31T13:12:45+00:00\",\"dateModified\":\"2021-10-03T17:43:28+00:00\",\"breadcrumb\":{\"@id\":\"https:\\\/\\\/cinemaqueer.se\\\/cq21\\\/schema\\\/#breadcrumb\"},\"inLanguage\":\"sv-SE\",\"potentialAction\":[{\"@type\":\"ReadAction\",\"target\":[\"https:\\\/\\\/cinemaqueer.se\\\/cq21\\\/schema\\\/\"]}]},{\"@type\":\"BreadcrumbList\",\"@id\":\"https:\\\/\\\/cinemaqueer.se\\\/cq21\\\/schema\\\/#breadcrumb\",\"itemListElement\":[{\"@type\":\"ListItem\",\"position\":1,\"name\":\"Hem\",\"item\":\"https:\\\/\\\/cinemaqueer.se\\\/cq21\\\/\"},{\"@type\":\"ListItem\",\"position\":2,\"name\":\"Schema\"}]},{\"@type\":\"WebSite\",\"@id\":\"https:\\\/\\\/cinemaqueer.se\\\/cq21\\\/#website\",\"url\":\"https:\\\/\\\/cinemaqueer.se\\\/cq21\\\/\",\"name\":\"Cinema Queer 2021\",\"description\":\"International filmfestival\",\"potentialAction\":[{\"@type\":\"SearchAction\",\"target\":{\"@type\":\"EntryPoint\",\"urlTemplate\":\"https:\\\/\\\/cinemaqueer.se\\\/cq21\\\/?s={search_term_string}\"},\"query-input\":{\"@type\":\"PropertyValueSpecification\",\"valueRequired\":true,\"valueName\":\"search_term_string\"}}],\"inLanguage\":\"sv-SE\"}]}<\/script>\n<!-- \/ Yoast SEO plugin. -->","yoast_head_json":{"title":"Schema - Cinema Queer 2021","robots":{"index":"index","follow":"follow","max-snippet":"max-snippet:-1","max-image-preview":"max-image-preview:large","max-video-preview":"max-video-preview:-1"},"canonical":"https:\/\/cinemaqueer.se\/cq21\/schema\/","og_locale":"sv_SE","og_type":"article","og_title":"Schema - Cinema Queer 2021","og_description":"[vc_row css_animation=&#8221;&#8221; row_type=&#8221;row&#8221; use_row_as_full_screen_section=&#8221;no&#8221; type=&#8221;full_width&#8221; angled_section=&#8221;no&#8221; text_align=&#8221;left&#8221; background_image_as_pattern=&#8221;without_pattern&#8221; z_index=&#8221;&#8221; padding_top=&#8221;100&#8243; padding_bottom=&#8221;50&#8243;][vc_column width=&#8221;1\/6&#8243;][\/vc_column][vc_column width=&#8221;2\/3&#8243;][vc_column_text css=&#8221;.vc_custom_1631705458764{border-top-width: 20px !important;border-right-width: 20px !important;border-bottom-width: 20px !important;border-left-width: 20px !important;padding-top: 30px !important;padding-right: 30px !important;padding-bottom: 30px !important;padding-left: 30px !important;background-color: #ffe43e !important;border-left-color: #ff12d2 !important;border-left-style: outset !important;border-right-color: #ff12d2 !important;border-right-style: outset !important;border-top-color: #ff12d2 !important;border-top-style: outset !important;border-bottom-color: #ff12d2...","og_url":"https:\/\/cinemaqueer.se\/cq21\/schema\/","og_site_name":"Cinema Queer 2021","article_modified_time":"2021-10-03T17:43:28+00:00","twitter_card":"summary_large_image","twitter_misc":{"Ber\u00e4knad l\u00e4stid":"4 minuter"},"schema":{"@context":"https:\/\/schema.org","@graph":[{"@type":"WebPage","@id":"https:\/\/cinemaqueer.se\/cq21\/schema\/","url":"https:\/\/cinemaqueer.se\/cq21\/schema\/","name":"Schema - Cinema Queer 2021","isPartOf":{"@id":"https:\/\/cinemaqueer.se\/cq21\/#website"},"datePublished":"2021-08-31T13:12:45+00:00","dateModified":"2021-10-03T17:43:28+00:00","breadcrumb":{"@id":"https:\/\/cinemaqueer.se\/cq21\/schema\/#breadcrumb"},"inLanguage":"sv-SE","potentialAction":[{"@type":"ReadAction","target":["https:\/\/cinemaqueer.se\/cq21\/schema\/"]}]},{"@type":"BreadcrumbList","@id":"https:\/\/cinemaqueer.se\/cq21\/schema\/#breadcrumb","itemListElement":[{"@type":"ListItem","position":1,"name":"Hem","item":"https:\/\/cinemaqueer.se\/cq21\/"},{"@type":"ListItem","position":2,"name":"Schema"}]},{"@type":"WebSite","@id":"https:\/\/cinemaqueer.se\/cq21\/#website","url":"https:\/\/cinemaqueer.se\/cq21\/","name":"Cinema Queer 2021","description":"International filmfestival","potentialAction":[{"@type":"SearchAction","target":{"@type":"EntryPoint","urlTemplate":"https:\/\/cinemaqueer.se\/cq21\/?s={search_term_string}"},"query-input":{"@type":"PropertyValueSpecification","valueRequired":true,"valueName":"search_term_string"}}],"inLanguage":"sv-SE"}]}},"_links":{"self":[{"href":"https:\/\/cinemaqueer.se\/cq21\/wp-json\/wp\/v2\/pages\/12","targetHints":{"allow":["GET"]}}],"collection":[{"href":"https:\/\/cinemaqueer.se\/cq21\/wp-json\/wp\/v2\/pages"}],"about":[{"href":"https:\/\/cinemaqueer.se\/cq21\/wp-json\/wp\/v2\/types\/page"}],"author":[{"embeddable":true,"href":"https:\/\/cinemaqueer.se\/cq21\/wp-json\/wp\/v2\/users\/1"}],"replies":[{"embeddable":true,"href":"https:\/\/cinemaqueer.se\/cq21\/wp-json\/wp\/v2\/comments?post=12"}],"version-history":[{"count":29,"href":"https:\/\/cinemaqueer.se\/cq21\/wp-json\/wp\/v2\/pages\/12\/revisions"}],"predecessor-version":[{"id":586,"href":"https:\/\/cinemaqueer.se\/cq21\/wp-json\/wp\/v2\/pages\/12\/revisions\/586"}],"wp:attachment":[{"href":"https:\/\/cinemaqueer.se\/cq21\/wp-json\/wp\/v2\/media?parent=12"}],"curies":[{"name":"wp","href":"https:\/\/api.w.org\/{rel}","templated":true}]}}