{"id":10,"date":"2021-08-31T15:12:26","date_gmt":"2021-08-31T13:12:26","guid":{"rendered":"https:\/\/cinemaqueer.se\/cq21\/?page_id=10"},"modified":"2023-10-05T13:19:11","modified_gmt":"2023-10-05T11:19:11","slug":"tickets","status":"publish","type":"page","link":"https:\/\/cinemaqueer.se\/cq23\/english\/tickets\/","title":{"rendered":"Tickets"},"content":{"rendered":"<div class=\"wpb-content-wrapper\"><p>[vc_row css_animation=&#8221;&#8221; row_type=&#8221;row&#8221; use_row_as_full_screen_section=&#8221;no&#8221; type=&#8221;full_width&#8221; angled_section=&#8221;no&#8221; text_align=&#8221;left&#8221; background_image_as_pattern=&#8221;without_pattern&#8221;][vc_column width=&#8221;1\/4&#8243;][\/vc_column][vc_column width=&#8221;1\/2&#8243;][vc_column_text css=&#8221;.vc_custom_1693921423616{padding-top: 20px !important;padding-right: 20px !important;padding-bottom: 20px !important;padding-left: 20px !important;background-color: #ffffff !important;}&#8221;]<\/p>\n<h1>Watch all films or just one favorite?<br \/>\nSelect your tickets here!<\/h1>\n<p>Buy your tickets today trough Kulturbiljetter.se or pay with Swish on location during the festival. We are a cash free festival and do not accept cash, sorry![\/vc_column_text][\/vc_column][vc_column width=&#8221;1\/4&#8243;][\/vc_column][\/vc_row][vc_row css_animation=&#8221;&#8221; row_type=&#8221;row&#8221; use_row_as_full_screen_section=&#8221;no&#8221; type=&#8221;full_width&#8221; angled_section=&#8221;no&#8221; text_align=&#8221;left&#8221; background_image_as_pattern=&#8221;without_pattern&#8221; z_index=&#8221;&#8221; padding_top=&#8221;20&#8243; padding_bottom=&#8221;20&#8243;][vc_column width=&#8221;1\/4&#8243;][vc_single_image image=&#8221;644&#8243; img_size=&#8221;full&#8221; qode_css_animation=&#8221;&#8221;][vc_empty_space][vc_empty_space][vc_single_image image=&#8221;769&#8243; img_size=&#8221;full&#8221; qode_css_animation=&#8221;&#8221;][vc_empty_space][\/vc_column][vc_column width=&#8221;1\/2&#8243; css=&#8221;.vc_custom_1693472587991{border-top-width: 4px !important;border-right-width: 4px !important;border-bottom-width: 4px !important;border-left-width: 4px !important;padding-top: 20px !important;padding-right: 20px !important;padding-bottom: 20px !important;padding-left: 20px !important;background-color: #ffffff !important;border-left-color: #000000 !important;border-left-style: dotted !important;border-right-color: #000000 !important;border-right-style: dotted !important;border-top-color: #000000 !important;border-top-style: dotted !important;border-bottom-color: #000000 !important;border-bottom-style: dotted !important;}&#8221;]<a  itemprop=\"url\" href=\"https:\/\/kulturbiljetter.se\/arrang%C3%B6r\/105\/cinema-queer\/\" target=\"_blank\"  class=\"qbutton  big_large_full_width default\" style=\"font-weight: 500; \">SINGLE TICKET 80 KR<\/a>[vc_column_text]Single ticket for one film or performance. Price 8o SEK.[\/vc_column_text][vc_empty_space]<a  itemprop=\"url\" href=\"https:\/\/kulturbiljetter.se\/varukorg\/6560\/cinema-queer-festivalpass-2-8-okt-2023\/\" target=\"_blank\"  class=\"qbutton  big_large_full_width default\" style=\"font-weight: 500; \">FESTIVAL PASS 350 KR<\/a>[vc_column_text]The festival pass gives you access to all films and performances on a first come first served basis. Access is <span class=\"Y2IQFc\" lang=\"en\">subjected to space but there are always a bunch of reserved seats. Price 350 SEK.<\/span>[\/vc_column_text][vc_empty_space]<a  itemprop=\"url\" href=\"https:\/\/kulturbiljetter.se\/evenemang\/6632\/cinema-queer-helgpass-6-8-okt-2023\/?lang=en\" target=\"_blank\"  class=\"qbutton  big_large_full_width default\" style=\"font-weight: 500; \">WEEKEND PASS 250 KR<\/a>[vc_column_text]The weekend pass gives you access to all films and performances October 6-8, on a first come first served basis. Access is <span class=\"Y2IQFc\" lang=\"en\">subjected to space but there are always a bunch of reserved seats. Price 250 SEK.<\/span>[\/vc_column_text][\/vc_column][vc_column width=&#8221;1\/4&#8243;][\/vc_column][\/vc_row][vc_row css_animation=&#8221;&#8221; row_type=&#8221;row&#8221; use_row_as_full_screen_section=&#8221;no&#8221; type=&#8221;full_width&#8221; angled_section=&#8221;no&#8221; text_align=&#8221;left&#8221; background_image_as_pattern=&#8221;without_pattern&#8221; z_index=&#8221;&#8221; padding_top=&#8221;20&#8243; padding_bottom=&#8221;20&#8243;][vc_column width=&#8221;1\/4&#8243;][\/vc_column][vc_column width=&#8221;1\/2&#8243; css=&#8221;.vc_custom_1693472640560{border-top-width: 6px !important;border-right-width: 6px !important;border-bottom-width: 6px !important;border-left-width: 6px !important;padding-top: 20px !important;padding-right: 20px !important;padding-bottom: 20px !important;padding-left: 20px !important;background-color: #ffffff !important;border-left-color: #000000 !important;border-left-style: dotted !important;border-right-color: #000000 !important;border-right-style: dotted !important;border-top-color: #000000 !important;border-top-style: dotted !important;border-bottom-color: #000000 !important;border-bottom-style: dotted !important;}&#8221;]<a  itemprop=\"url\" href=\"https:\/\/kulturbiljetter.se\/varukorg\/6543\/misschiefs-hela-kv%C3%A4llen\/\" target=\"_blank\"  class=\"qbutton  big_large_full_width default\" style=\"font-weight: 500; \">FULL EVENING - MISSCHIEFS 150 KR<\/a>[vc_column_text]This ticket gives you access to the whole program at Misschiefs on October 4th. Price 150 SEK.[\/vc_column_text][vc_empty_space]<a  itemprop=\"url\" href=\"https:\/\/kulturbiljetter.se\/varukorg\/6542\/silon-hela-kv%C3%A4llen\/\" target=\"_blank\"  class=\"qbutton  big_large_full_width default\" style=\"font-weight: 500; \">FULL EVENING - THE SILO 150 KR<\/a>[vc_column_text]This ticket gives you access to the whole program at The Silo on October 5th. Price 150 SEK.[\/vc_column_text][vc_empty_space]<a  itemprop=\"url\" href=\"https:\/\/kulturbiljetter.se\/varukorg\/6556\/6fi lm-presenterar-porr-som-aktivism-hela-kv%C3%A4llen\/\" target=\"_blank\"  class=\"qbutton  big_large_full_width default\" style=\"font-weight: 500; \">FULL EVENING - PORN AS ACTIVISM 150 KR<\/a>[vc_column_text]This ticket gives you access to the whole porn program curated by 6film at Gasverket on October 5th. Price 150 SEK.[\/vc_column_text][\/vc_column][vc_column width=&#8221;1\/4&#8243;][vc_single_image image=&#8221;645&#8243; img_size=&#8221;full&#8221; qode_css_animation=&#8221;&#8221;][vc_empty_space][vc_single_image image=&#8221;723&#8243; img_size=&#8221;full&#8221; qode_css_animation=&#8221;&#8221;][vc_empty_space][\/vc_column][\/vc_row][vc_row css_animation=&#8221;&#8221; row_type=&#8221;row&#8221; use_row_as_full_screen_section=&#8221;no&#8221; type=&#8221;full_width&#8221; angled_section=&#8221;no&#8221; text_align=&#8221;left&#8221; background_image_as_pattern=&#8221;without_pattern&#8221; z_index=&#8221;&#8221; padding_top=&#8221;20&#8243; padding_bottom=&#8221;20&#8243; background_image=&#8221;668&#8243;][vc_column width=&#8221;1\/4&#8243;][\/vc_column][vc_column width=&#8221;1\/2&#8243; css=&#8221;.vc_custom_1693472674113{border-top-width: 2px !important;border-right-width: 2px !important;border-bottom-width: 2px !important;border-left-width: 2px !important;padding-top: 20px !important;padding-right: 20px !important;padding-bottom: 20px !important;padding-left: 20px !important;background-color: #ffffff !important;border-left-color: #000000 !important;border-left-style: dotted !important;border-right-color: #000000 !important;border-right-style: dotted !important;border-top-color: #000000 !important;border-top-style: dotted !important;border-bottom-color: #000000 !important;border-bottom-style: dotted !important;}&#8221;]<a  itemprop=\"url\" href=\"https:\/\/kulturbiljetter.se\/varukorg\/6549\/offi ce-hot-after-work-hela-kv%C3%A4llen\/\" target=\"_blank\"  class=\"qbutton  big_large_full_width default\" style=\"font-weight: 500; \">FULL EVENING - AFTER WORK 150 KR<\/a>[vc_column_text]This ticket gives you access to the whole after work program at Floor 22 on October 6th. Price 150 SEK.[\/vc_column_text][vc_empty_space]<a  itemprop=\"url\" href=\"https:\/\/kulturbiljetter.se\/varukorg\/6544\/peafowl-the-indie-kiki-ball-bamba-club\/\" target=\"_blank\"  class=\"qbutton  big_large_full_width default\" style=\"font-weight: 500; \">FULL EVENING - PEAFOWL, BALL &amp; CLUB 200 KR<\/a>[vc_column_text]This ticket gives you access to the screening of Peafowl, The Indie Kiki Ball and Bamba Club on October 7th. Price 200 SEK.[\/vc_column_text][\/vc_column][vc_column width=&#8221;1\/4&#8243;][\/vc_column][\/vc_row][vc_row css_animation=&#8221;&#8221; row_type=&#8221;row&#8221; use_row_as_full_screen_section=&#8221;no&#8221; type=&#8221;full_width&#8221; angled_section=&#8221;no&#8221; text_align=&#8221;left&#8221; background_image_as_pattern=&#8221;without_pattern&#8221; z_index=&#8221;&#8221; padding_top=&#8221;40&#8243; padding_bottom=&#8221;40&#8243;][vc_column width=&#8221;1\/4&#8243;][vc_empty_space height=&#8221;50px&#8221;][\/vc_column][vc_column width=&#8221;1\/2&#8243; css=&#8221;.vc_custom_1693472709269{border-top-width: 5px !important;border-right-width: 5px !important;border-bottom-width: 5px !important;border-left-width: 5px !important;padding-top: 20px !important;padding-right: 20px !important;padding-bottom: 20px !important;padding-left: 20px !important;background-color: #ffffff !important;border-left-color: #000000 !important;border-left-style: dotted !important;border-right-color: #000000 !important;border-right-style: dotted !important;border-top-color: #000000 !important;border-top-style: dotted !important;border-bottom-color: #000000 !important;border-bottom-style: dotted !important;}&#8221;][vc_single_image image=&#8221;192&#8243; img_size=&#8221;full&#8221; qode_css_animation=&#8221;&#8221;][vc_column_text]<\/p>\n<h2>St\u00f6tta festivalen!<\/h2>\n<p>Vill du st\u00f6tta festivalen med ett ekonomiskt bidrag och p\u00e5 s\u00e5 s\u00e4tt hj\u00e4lpa oss att v\u00e4xa och g\u00f6ra v\u00e5r verksamhet \u00e4nnu b\u00e4ttre? Cinema Queer drivs till stor del p\u00e5 volont\u00e4ra krafter och vi uppskattar er hj\u00e4lp. Swisha oss ett valfritt bidrag och m\u00e4rk betalningen med <strong>bidrag.\u00a0<\/strong><\/p>\n<h2><strong>SWISH: 123 130 07 97<\/strong><\/h2>\n<p>Tack![\/vc_column_text][\/vc_column][vc_column width=&#8221;1\/4&#8243;][\/vc_column][\/vc_row]<\/p>\n<\/div>","protected":false},"excerpt":{"rendered":"<p>[vc_row css_animation=&#8221;&#8221; row_type=&#8221;row&#8221; use_row_as_full_screen_section=&#8221;no&#8221; type=&#8221;full_width&#8221; angled_section=&#8221;no&#8221; text_align=&#8221;left&#8221; background_image_as_pattern=&#8221;without_pattern&#8221;][vc_column width=&#8221;1\/4&#8243;][\/vc_column][vc_column width=&#8221;1\/2&#8243;][vc_column_text css=&#8221;.vc_custom_1693921423616{padding-top: 20px !important;padding-right: 20px !important;padding-bottom: 20px !important;padding-left: 20px !important;background-color: #ffffff !important;}&#8221;] Watch all films or just one favorite? Select your tickets here! Buy your tickets today trough Kulturbiljetter.se or pay with Swish on location during&#8230;<\/p>\n","protected":false},"author":1,"featured_media":0,"parent":0,"menu_order":0,"comment_status":"closed","ping_status":"closed","template":"","meta":{"content-type":"","footnotes":""},"class_list":["post-10","page","type-page","status-publish","hentry"],"_links":{"self":[{"href":"https:\/\/cinemaqueer.se\/cq23\/english\/wp-json\/wp\/v2\/pages\/10","targetHints":{"allow":["GET"]}}],"collection":[{"href":"https:\/\/cinemaqueer.se\/cq23\/english\/wp-json\/wp\/v2\/pages"}],"about":[{"href":"https:\/\/cinemaqueer.se\/cq23\/english\/wp-json\/wp\/v2\/types\/page"}],"author":[{"embeddable":true,"href":"https:\/\/cinemaqueer.se\/cq23\/english\/wp-json\/wp\/v2\/users\/1"}],"replies":[{"embeddable":true,"href":"https:\/\/cinemaqueer.se\/cq23\/english\/wp-json\/wp\/v2\/comments?post=10"}],"version-history":[{"count":7,"href":"https:\/\/cinemaqueer.se\/cq23\/english\/wp-json\/wp\/v2\/pages\/10\/revisions"}],"predecessor-version":[{"id":1349,"href":"https:\/\/cinemaqueer.se\/cq23\/english\/wp-json\/wp\/v2\/pages\/10\/revisions\/1349"}],"wp:attachment":[{"href":"https:\/\/cinemaqueer.se\/cq23\/english\/wp-json\/wp\/v2\/media?parent=10"}],"curies":[{"name":"wp","href":"https:\/\/api.w.org\/{rel}","templated":true}]}}