{"id":12,"date":"2021-08-31T15:12:45","date_gmt":"2021-08-31T13:12:45","guid":{"rendered":"https:\/\/cinemaqueer.se\/cq21\/?page_id=12"},"modified":"2023-09-28T19:12:13","modified_gmt":"2023-09-28T17:12:13","slug":"schema","status":"publish","type":"page","link":"https:\/\/cinemaqueer.se\/cq23\/schema\/","title":{"rendered":"Schema"},"content":{"rendered":"<div class=\"wpb-content-wrapper\"><p>[vc_row css_animation=&#8221;&#8221; row_type=&#8221;row&#8221; use_row_as_full_screen_section=&#8221;no&#8221; type=&#8221;full_width&#8221; angled_section=&#8221;no&#8221; text_align=&#8221;left&#8221; background_image_as_pattern=&#8221;without_pattern&#8221; z_index=&#8221;&#8221; padding_top=&#8221;100&#8243; padding_bottom=&#8221;50&#8243;][vc_column width=&#8221;1\/3&#8243;][\/vc_column][vc_column width=&#8221;1\/3&#8243;][vc_column_text css=&#8221;.vc_custom_1694076751236{border-top-width: 7px !important;border-right-width: 7px !important;border-bottom-width: 7px !important;border-left-width: 7px !important;padding-top: 30px !important;padding-right: 30px !important;padding-bottom: 30px !important;padding-left: 30px !important;background-color: rgba(255,255,255,0.5) !important;*background-color: rgb(255,255,255) !important;border-left-color: #000000 !important;border-left-style: dotted !important;border-right-color: #000000 !important;border-right-style: dotted !important;border-top-color: #000000 !important;border-top-style: dotted !important;border-bottom-color: #000000 !important;border-bottom-style: dotted !important;}&#8221;]<\/p>\n<h2><b>M\u00e5ndag 2 oktober<\/b><\/h2>\n<h3><b>Sj\u00f6stadshallen<\/b><\/h3>\n<h4><\/h4>\n<p>18.00 \u2013 Mingel<br \/>\n19.00 \u2013 Invigningsceremoni<br \/>\n19.15 \u2013 Performance: <a href=\"https:\/\/cinemaqueer.se\/cq23\/portfolio_page\/the-final-cuntdown\/\">The Final Cuntdown<\/a><br \/>\n19.40 &#8211; Kortfilm: <a href=\"https:\/\/cinemaqueer.se\/cq23\/portfolio_page\/doris-och-bettan-marbella-mayhem\/\">Doris &amp; Bettan Marbella Mayhem<\/a><br \/>\n19.45 \u2013 Invigningsfilm: <a href=\"https:\/\/cinemaqueer.se\/cq23\/portfolio_page\/but-im-a-cheerleader\/\">But I\u2019m a Cheerleader<\/a><br \/>\n21.15 \u2013 Invigningsfest![\/vc_column_text][\/vc_column][vc_column width=&#8221;1\/3&#8243;][\/vc_column][\/vc_row][vc_row css_animation=&#8221;&#8221; row_type=&#8221;row&#8221; use_row_as_full_screen_section=&#8221;no&#8221; type=&#8221;full_width&#8221; angled_section=&#8221;no&#8221; text_align=&#8221;left&#8221; background_image_as_pattern=&#8221;without_pattern&#8221; z_index=&#8221;&#8221; padding_top=&#8221;50&#8243; padding_bottom=&#8221;50&#8243;][vc_column width=&#8221;1\/3&#8243;][vc_single_image image=&#8221;713&#8243; img_size=&#8221;148&#215;115&#8243; alignment=&#8221;center&#8221; qode_css_animation=&#8221;&#8221;][\/vc_column][vc_column width=&#8221;1\/3&#8243;][vc_column_text css=&#8221;.vc_custom_1695921087918{border-top-width: 3px !important;border-right-width: 3px !important;border-bottom-width: 3px !important;border-left-width: 3px !important;padding-top: 30px !important;padding-right: 30px !important;padding-bottom: 30px !important;padding-left: 30px !important;background-color: rgba(255,255,255,0.5) !important;*background-color: rgb(255,255,255) !important;border-left-color: #000000 !important;border-left-style: dotted !important;border-right-color: #000000 !important;border-right-style: dotted !important;border-top-color: #000000 !important;border-top-style: dotted !important;border-bottom-color: #000000 !important;border-bottom-style: dotted !important;}&#8221;]<\/p>\n<h2><b>Tisdag 3 oktober<\/b><\/h2>\n<h3><b>Gasverket \/ Doubble Space<\/b><\/h3>\n<p>17.00 \u2013 Kortfilm: Kasi-2-Kasi Queer Cinema presenterar &#8211; <a href=\"https:\/\/cinemaqueer.se\/cq23\/portfolio_page\/is-freedom-a-reality\/\">Is Freedom a Reality?<\/a><br \/>\n19.00 \u2013 Film: <a href=\"https:\/\/cinemaqueer.se\/cq23\/portfolio_page\/lesbians-free-everyone\/\">Lesbians Free Everyone<\/a>, samtal med Dr. Bev Palesa Ditsie<br \/>\n21.00 \u2013 Film: <a href=\"https:\/\/cinemaqueer.se\/cq23\/portfolio_page\/all-the-colours-of-the-world-are-between-black-and-white\/\">All the Colours of the World are Between Black and White<\/a><br \/>\nKv\u00e4llen sker i samarbete med CinemAfrica![\/vc_column_text][\/vc_column][vc_column width=&#8221;1\/3&#8243;][\/vc_column][\/vc_row][vc_row css_animation=&#8221;&#8221; row_type=&#8221;row&#8221; use_row_as_full_screen_section=&#8221;no&#8221; type=&#8221;full_width&#8221; angled_section=&#8221;no&#8221; text_align=&#8221;left&#8221; background_image_as_pattern=&#8221;without_pattern&#8221; z_index=&#8221;&#8221; padding_top=&#8221;50&#8243; padding_bottom=&#8221;50&#8243;][vc_column width=&#8221;1\/3&#8243;][\/vc_column][vc_column width=&#8221;1\/3&#8243;][vc_column_text css=&#8221;.vc_custom_1695921096205{border-top-width: 4px !important;border-right-width: 4px !important;border-bottom-width: 4px !important;border-left-width: 4px !important;padding-top: 30px !important;padding-right: 30px !important;padding-bottom: 30px !important;padding-left: 30px !important;background-color: rgba(255,255,255,0.5) !important;*background-color: rgb(255,255,255) !important;border-left-color: #000000 !important;border-left-style: dotted !important;border-right-color: #000000 !important;border-right-style: dotted !important;border-top-color: #000000 !important;border-top-style: dotted !important;border-bottom-color: #000000 !important;border-bottom-style: dotted !important;}&#8221;]<\/p>\n<h2><b>Onsdag 4 oktober<\/b><\/h2>\n<h3><b>Gasverket \/ Doubble Space<\/b><\/h3>\n<p>18.00 \u2013 Kortfilm: <a href=\"https:\/\/cinemaqueer.se\/cq23\/portfolio_page\/rebellious-bodies\/\">Rebellious Bodies<\/a>, samtal med Mohamad (Moe) Sabbah och George Chamoun<br \/>\n20.30 \u2013 Film: <a href=\"https:\/\/cinemaqueer.se\/cq23\/portfolio_page\/miguels-war\/\">Miguel\u2019s War<\/a><\/p>\n<h3><strong>Misschiefs<\/strong><\/h3>\n<p>18.00 \u2013 Samtal: <a href=\"https:\/\/cinemaqueer.se\/cq23\/portfolio_page\/cinema-queer-misschiefs-konst-och-revolution\/\">The Revolution Will Not Be Funded<\/a><br \/>\n20.00 \u2013 Performance: <a href=\"https:\/\/cinemaqueer.se\/cq23\/portfolio_page\/gallery-extra-human-world-huvudkontor\/\">Shirley Harthey Ubilla &#8211; La Marimacha<\/a><br \/>\n21.00 \u2013 Kortfilm: <a href=\"https:\/\/cinemaqueer.se\/cq23\/portfolio_page\/double-the-trouble-twice-the-fun-pratibha-parmar\/\">Double the trouble: Twice the Fun<\/a> &#8211;<br \/>\nPratibha Parmar retrospektiv<\/p>\n<h3><strong>Aspen Bio<\/strong><\/h3>\n<p>18.00 \u2013 Film: <a href=\"https:\/\/cinemaqueer.se\/cq23\/portfolio_page\/queendom\/\">Queendom<\/a><br \/>\n20.00 \u2013 Film: <a href=\"https:\/\/cinemaqueer.se\/cq23\/portfolio_page\/soft\/\">Soft<\/a>[\/vc_column_text][\/vc_column][vc_column width=&#8221;1\/3&#8243;][vc_single_image image=&#8221;717&#8243; img_size=&#8221;full&#8221; qode_css_animation=&#8221;&#8221;][\/vc_column][\/vc_row][vc_row css_animation=&#8221;&#8221; row_type=&#8221;row&#8221; use_row_as_full_screen_section=&#8221;no&#8221; type=&#8221;full_width&#8221; angled_section=&#8221;no&#8221; text_align=&#8221;left&#8221; background_image_as_pattern=&#8221;without_pattern&#8221; z_index=&#8221;&#8221; padding_top=&#8221;50&#8243; padding_bottom=&#8221;50&#8243;][vc_column width=&#8221;1\/3&#8243;][vc_single_image image=&#8221;715&#8243; img_size=&#8221;full&#8221; qode_css_animation=&#8221;&#8221;][\/vc_column][vc_column width=&#8221;1\/3&#8243;][vc_column_text css=&#8221;.vc_custom_1695921105287{border-top-width: 5px !important;border-right-width: 5px !important;border-bottom-width: 5px !important;border-left-width: 5px !important;padding-top: 30px !important;padding-right: 30px !important;padding-bottom: 30px !important;padding-left: 30px !important;background-color: rgba(255,255,255,0.5) !important;*background-color: rgb(255,255,255) !important;border-left-color: #000000 !important;border-left-style: dotted !important;border-right-color: #000000 !important;border-right-style: dotted !important;border-top-color: #000000 !important;border-top-style: dotted !important;border-bottom-color: #000000 !important;border-bottom-style: dotted !important;border-radius: 2px !important;}&#8221;]<\/p>\n<h2><b>Torsdag 5 oktober<\/b><\/h2>\n<h3><strong>Gasverket \/ Doubble Space<\/strong><\/h3>\n<p>18.00 \u2013 Film: <a href=\"https:\/\/cinemaqueer.se\/cq23\/portfolio_page\/ask-any-buddy\/\">Ask Any Buddy<\/a><br \/>\n19.30 \u2013 Kortfilm: <a href=\"https:\/\/cinemaqueer.se\/cq23\/portfolio_page\/6film-presenterar-porr-som-aktivism\/\">Lo-Fi Cherry, feministisk tentakelporr &amp; samtal om<\/a><br \/>\nsexpositivt communitybyggande<\/p>\n<p>22.00 \u2013 Kortfilm: <a href=\"https:\/\/cinemaqueer.se\/cq23\/portfolio_page\/queerporr\/\">Queerporr<\/a><br \/>\n23.00 \u2013 Performance: <a href=\"https:\/\/cinemaqueer.se\/cq23\/portfolio_page\/oh-bondage-up-yours\/\">Oh Bondage! Up Yours!<\/a><\/p>\n<h3><strong>Silon<\/strong><\/h3>\n<p>18.00 \u2013 Silons historia och \u00f6lprovning<br \/>\n18.30 \u2013 Performance: <a href=\"https:\/\/cinemaqueer.se\/cq23\/portfolio_page\/gallery-extra-human-world-huvudkontor-2\/\">Daiane Rafaela<\/a><br \/>\n19.15 \u2013 Film: <a href=\"https:\/\/cinemaqueer.se\/cq23\/portfolio_page\/is-freedom-a-reality-2\/\">SAQMI presenterar &#8211; Embodied<\/a><br \/>\n21.00 \u2013 Performance: <a href=\"https:\/\/cinemaqueer.se\/cq23\/portfolio_page\/fredy-clue-backadrakten-sveriges-forsta-ickebinara-folkdrakt\/\">B\u00e4ckadr\u00e4kten &#8211; Sveriges f\u00f6rsta ickebin\u00e4ra folkdr\u00e4kt av Fredy Clue<\/a><\/p>\n<h3><strong>Aspen Bio<\/strong><\/h3>\n<p>18.00 \u2013 Film: <a href=\"https:\/\/cinemaqueer.se\/cq23\/portfolio_page\/kallamiglucia\/\">Kalla mig Lucia<\/a><br \/>\n20.30 \u2013 Film: <a href=\"https:\/\/cinemaqueer.se\/cq23\/portfolio_page\/joyland\/\">Joyland<\/a>[\/vc_column_text][\/vc_column][vc_column width=&#8221;1\/3&#8243;][\/vc_column][\/vc_row][vc_row css_animation=&#8221;&#8221; row_type=&#8221;row&#8221; use_row_as_full_screen_section=&#8221;no&#8221; type=&#8221;full_width&#8221; angled_section=&#8221;no&#8221; text_align=&#8221;left&#8221; background_image_as_pattern=&#8221;without_pattern&#8221; z_index=&#8221;&#8221; padding_top=&#8221;50&#8243; padding_bottom=&#8221;50&#8243;][vc_column width=&#8221;1\/3&#8243;][\/vc_column][vc_column width=&#8221;1\/3&#8243;][vc_column_text css=&#8221;.vc_custom_1695921113669{border-top-width: 3px !important;border-right-width: 3px !important;border-bottom-width: 3px !important;border-left-width: 3px !important;padding-top: 30px !important;padding-right: 30px !important;padding-bottom: 30px !important;padding-left: 30px !important;background-color: rgba(255,255,255,0.5) !important;*background-color: rgb(255,255,255) !important;border-left-color: #000000 !important;border-left-style: dotted !important;border-right-color: #000000 !important;border-right-style: dotted !important;border-top-color: #000000 !important;border-top-style: dotted !important;border-bottom-color: #000000 !important;border-bottom-style: dotted !important;}&#8221;]<\/p>\n<h2><b>Fredag 6 oktober<\/b><\/h2>\n<h3><b>Gasverket \/ Doubble Space<\/b><\/h3>\n<p>18.00 \u2013 Kortfilm:<a href=\"https:\/\/cinemaqueer.se\/cq23\/portfolio_page\/del-vulcano-retro\/\"> Fast and Furious<\/a><br \/>\n20.00 \u2013 Film: <a href=\"https:\/\/cinemaqueer.se\/cq23\/portfolio_page\/the-lesbian-avengers-eat-fire-too\/\">The Lesbian Avengers Eat Fire Too<\/a><br \/>\n21.00 \u2013 Samtal: Dyke March och Bipoc Queers<br \/>\n22.00 \u2013 Humor: <a href=\"https:\/\/cinemaqueer.se\/cq23\/portfolio_page\/akt-5\/\">Mariconas med Yolanda Aurora Bohm Ramirez, Paloma Hal\u00e9n Rom\u00e1n mfl.<\/a><br \/>\n00.00 \u2013 Fest med Dyke March och BIPOC Queers<\/p>\n<h3><strong>V\u00e5ning 22 ( DN-skrapan)<\/strong><\/h3>\n<p>18.00 \u2013 Film: <a href=\"https:\/\/cinemaqueer.se\/cq23\/portfolio_page\/sexo-revolution\/\">Labor<\/a>, samtal med regiss\u00f6ren Tove Pils och Kira fr\u00e5n Red Umbrella Sweden<br \/>\n20.30 \u2013 Performance: <a href=\"https:\/\/cinemaqueer.se\/cq23\/portfolio_page\/the-final-cuntdown-2\/\">Gallery Extra<\/a><br \/>\n22.00 \u2013 Film: <a href=\"https:\/\/cinemaqueer.se\/cq23\/portfolio_page\/the-new-employee\/\">The New Employee<\/a>[\/vc_column_text][\/vc_column][vc_column width=&#8221;1\/3&#8243;][\/vc_column][\/vc_row][vc_row css_animation=&#8221;&#8221; row_type=&#8221;row&#8221; use_row_as_full_screen_section=&#8221;no&#8221; type=&#8221;full_width&#8221; angled_section=&#8221;no&#8221; text_align=&#8221;left&#8221; background_image_as_pattern=&#8221;without_pattern&#8221; z_index=&#8221;&#8221; padding_top=&#8221;50&#8243; padding_bottom=&#8221;50&#8243;][vc_column width=&#8221;1\/3&#8243;][\/vc_column][vc_column width=&#8221;1\/3&#8243;][vc_column_text css=&#8221;.vc_custom_1695921121203{border-top-width: 2px !important;border-right-width: 2px !important;border-bottom-width: 2px !important;border-left-width: 2px !important;padding-top: 30px !important;padding-right: 30px !important;padding-bottom: 30px !important;padding-left: 30px !important;background-color: rgba(255,255,255,0.5) !important;*background-color: rgb(255,255,255) !important;border-left-color: #000000 !important;border-left-style: dotted !important;border-right-color: #000000 !important;border-right-style: dotted !important;border-top-color: #000000 !important;border-top-style: dotted !important;border-bottom-color: #000000 !important;border-bottom-style: dotted !important;border-radius: 2px !important;}&#8221;]<\/p>\n<h2><b>L\u00f6rdag 7 oktober<\/b><\/h2>\n<h3><b>Gasverket \/ Doubble Space<\/b><\/h3>\n<p>13.00 \u2013 Film: <a href=\"https:\/\/cinemaqueer.se\/cq23\/portfolio_page\/who-i-am-not\/\">Who I Am Not<\/a><br \/>\n16.30 \u2013 Kortfilm: <a href=\"https:\/\/cinemaqueer.se\/cq23\/portfolio_page\/too-hot-to-handle\/\">Too Hot to Handle<\/a><br \/>\n18.30 \u2013 Film: <a href=\"https:\/\/cinemaqueer.se\/cq23\/portfolio_page\/girls-dont-cry\/\">Girls Don\u2019t Cry<\/a><br \/>\n20.30 \u2013 Musik: <a href=\"https:\/\/cinemaqueer.se\/cq23\/portfolio_page\/soleil-camara\/\">Soleil Camara<\/a><br \/>\n21.00 \u2013 Film: <a href=\"https:\/\/cinemaqueer.se\/cq23\/portfolio_page\/sissy\/\">Sissy<\/a><\/p>\n<h3><strong>Musikaliska<\/strong><\/h3>\n<p>17.00 \u2013 Film: <a href=\"https:\/\/cinemaqueer.se\/cq23\/portfolio_page\/peafowl\/\">Peafowl<\/a><br \/>\n19.00 \u2013 <a href=\"https:\/\/cinemaqueer.se\/cq23\/portfolio_page\/the-indie-kiki-ball-x-bamba-club\/\">The Indie Kiki Ball<\/a><br \/>\n00.00 \u2013 Fest: <a href=\"https:\/\/cinemaqueer.se\/cq23\/portfolio_page\/the-indie-kiki-ball-x-bamba-club\/\">Bamba Club<\/a><\/p>\n<h3><strong>Friskis och Svettis<\/strong><\/h3>\n<p>12.00 \u2013 Insl\u00e4pp (obs inget insl\u00e4pp efter 13)<br \/>\n12.30 \u2013 Kortfilm: <a href=\"https:\/\/cinemaqueer.se\/cq23\/portfolio_page\/friskis-svettis-sexy-sweaty-fun\/\">Sexy, Sweaty, Fun!<\/a><br \/>\n14.00 \u2013 Fys och fl\u00e5s med Ulrika Bandeira![\/vc_column_text][\/vc_column][vc_column width=&#8221;1\/3&#8243;][vc_single_image image=&#8221;645&#8243; img_size=&#8221;full&#8221; onclick=&#8221;custom_link&#8221; qode_css_animation=&#8221;&#8221; link=&#8221;http:\/\/cinemaqueer.se\/cq23\/rage\/&#8221;][\/vc_column][\/vc_row][vc_row css_animation=&#8221;&#8221; row_type=&#8221;row&#8221; use_row_as_full_screen_section=&#8221;no&#8221; type=&#8221;full_width&#8221; angled_section=&#8221;no&#8221; text_align=&#8221;left&#8221; background_image_as_pattern=&#8221;without_pattern&#8221; z_index=&#8221;&#8221; padding_top=&#8221;50&#8243; padding_bottom=&#8221;50&#8243;][vc_column width=&#8221;1\/3&#8243;][\/vc_column][vc_column width=&#8221;1\/3&#8243;][vc_column_text css=&#8221;.vc_custom_1695921128733{border-top-width: 4px !important;border-right-width: 4px !important;border-bottom-width: 4px !important;border-left-width: 4px !important;padding-top: 30px !important;padding-right: 30px !important;padding-bottom: 30px !important;padding-left: 30px !important;background-color: rgba(255,255,255,0.5) !important;*background-color: rgb(255,255,255) !important;border-left-color: #000000 !important;border-left-style: dotted !important;border-right-color: #000000 !important;border-right-style: dotted !important;border-top-color: #000000 !important;border-top-style: dotted !important;border-bottom-color: #000000 !important;border-bottom-style: dotted !important;}&#8221;]<\/p>\n<h2><b>S\u00f6ndag 8 oktober<\/b><\/h2>\n<h3><b>Gasverket \/ Doubble Space<\/b><\/h3>\n<p>13.00 \u2013 Film: <a href=\"https:\/\/cinemaqueer.se\/cq23\/portfolio_page\/between-revolutions\/\">Between Revolutions<\/a><br \/>\n14.00 \u2013 Brunch med Trans Fest Stockholm<br \/>\n14.30 \u2013 Film: Trans Fest Stockholm presenterar &#8211; <a href=\"https:\/\/cinemaqueer.se\/cq23\/portfolio_page\/neptune-frost\/\">Neptune Frost<\/a><br \/>\n17.00 \u2013 Film: <a href=\"https:\/\/cinemaqueer.se\/cq23\/portfolio_page\/i-love-you-more\/\">I Love You More<\/a><br \/>\n19.00 \u2013 Film: <a href=\"https:\/\/cinemaqueer.se\/cq23\/portfolio_page\/heartbeast\/\">Heartbeast<\/a><br \/>\n21.00 \u2013 Musik: <a href=\"https:\/\/cinemaqueer.se\/cq23\/portfolio_page\/og-bella\/\">OG Bella<\/a><br \/>\n22.00 \u2013 Vi sjunger ut festivalens med&#8230; KARAOKE![\/vc_column_text][\/vc_column][vc_column width=&#8221;1\/3&#8243;][\/vc_column][\/vc_row]<\/p>\n<\/div>","protected":false},"excerpt":{"rendered":"<p>[vc_row css_animation=&#8221;&#8221; row_type=&#8221;row&#8221; use_row_as_full_screen_section=&#8221;no&#8221; type=&#8221;full_width&#8221; angled_section=&#8221;no&#8221; text_align=&#8221;left&#8221; background_image_as_pattern=&#8221;without_pattern&#8221; z_index=&#8221;&#8221; padding_top=&#8221;100&#8243; padding_bottom=&#8221;50&#8243;][vc_column width=&#8221;1\/3&#8243;][\/vc_column][vc_column width=&#8221;1\/3&#8243;][vc_column_text css=&#8221;.vc_custom_1694076751236{border-top-width: 7px !important;border-right-width: 7px !important;border-bottom-width: 7px !important;border-left-width: 7px !important;padding-top: 30px !important;padding-right: 30px !important;padding-bottom: 30px !important;padding-left: 30px !important;background-color: rgba(255,255,255,0.5) !important;*background-color: rgb(255,255,255) !important;border-left-color: #000000 !important;border-left-style: dotted !important;border-right-color: #000000 !important;border-right-style: dotted !important;border-top-color: #000000 !important;border-top-style: dotted&#8230;<\/p>\n","protected":false},"author":1,"featured_media":0,"parent":0,"menu_order":0,"comment_status":"closed","ping_status":"closed","template":"full_width.php","meta":{"footnotes":""},"class_list":["post-12","page","type-page","status-publish","hentry"],"_links":{"self":[{"href":"https:\/\/cinemaqueer.se\/cq23\/wp-json\/wp\/v2\/pages\/12","targetHints":{"allow":["GET"]}}],"collection":[{"href":"https:\/\/cinemaqueer.se\/cq23\/wp-json\/wp\/v2\/pages"}],"about":[{"href":"https:\/\/cinemaqueer.se\/cq23\/wp-json\/wp\/v2\/types\/page"}],"author":[{"embeddable":true,"href":"https:\/\/cinemaqueer.se\/cq23\/wp-json\/wp\/v2\/users\/1"}],"replies":[{"embeddable":true,"href":"https:\/\/cinemaqueer.se\/cq23\/wp-json\/wp\/v2\/comments?post=12"}],"version-history":[{"count":44,"href":"https:\/\/cinemaqueer.se\/cq23\/wp-json\/wp\/v2\/pages\/12\/revisions"}],"predecessor-version":[{"id":1146,"href":"https:\/\/cinemaqueer.se\/cq23\/wp-json\/wp\/v2\/pages\/12\/revisions\/1146"}],"wp:attachment":[{"href":"https:\/\/cinemaqueer.se\/cq23\/wp-json\/wp\/v2\/media?parent=12"}],"curies":[{"name":"wp","href":"https:\/\/api.w.org\/{rel}","templated":true}]}}