{"id":34,"date":"2021-08-31T15:17:02","date_gmt":"2021-08-31T13:17:02","guid":{"rendered":"https:\/\/cinemaqueer.se\/cq21\/?page_id=34"},"modified":"2023-09-28T19:10:33","modified_gmt":"2023-09-28T17:10:33","slug":"dag-4","status":"publish","type":"page","link":"https:\/\/cinemaqueer.se\/cq23\/program\/dag-4\/","title":{"rendered":"Dag 4"},"content":{"rendered":"<div class=\"wpb-content-wrapper\"><p>[vc_row css_animation=&#8221;&#8221; row_type=&#8221;row&#8221; use_row_as_full_screen_section=&#8221;no&#8221; type=&#8221;full_width&#8221; angled_section=&#8221;no&#8221; text_align=&#8221;left&#8221; background_image_as_pattern=&#8221;without_pattern&#8221; z_index=&#8221;&#8221; padding_top=&#8221;100&#8243; padding_bottom=&#8221;200&#8243;][vc_column width=&#8221;1\/6&#8243;][\/vc_column][vc_column width=&#8221;2\/3&#8243;][vc_column_text css=&#8221;.vc_custom_1695921031592{border-top-width: 5px !important;border-right-width: 5px !important;border-bottom-width: 5px !important;border-left-width: 5px !important;padding-top: 30px !important;padding-right: 30px !important;padding-bottom: 30px !important;padding-left: 30px !important;background-color: #ffffff !important;border-left-color: #000000 !important;border-left-style: dotted !important;border-right-color: #000000 !important;border-right-style: dotted !important;border-top-color: #000000 !important;border-top-style: dotted !important;border-bottom-color: #000000 !important;border-bottom-style: dotted !important;}&#8221;]<\/p>\n<h2><b>Torsdag 5 oktober<\/b><\/h2>\n<h3>Gasverket\/ Doubble Space<\/h3>\n<p>18.00 \u2013 Film: <a href=\"https:\/\/cinemaqueer.se\/cq23\/portfolio_page\/ask-any-buddy\/\">Ask Any Buddy<\/a><br \/>\n19.30 \u2013 Kortfilm: <a href=\"https:\/\/cinemaqueer.se\/cq23\/portfolio_page\/6film-presenterar-porr-som-aktivism\/\">Lo-Fi Cherry, feministisk tentakelporr &amp; samtal om<\/a><br \/>\n<strong>sexpositivt communitybyggande<br \/>\n<\/strong>22.00 \u2013 Kortfilm: <a href=\"https:\/\/cinemaqueer.se\/cq23\/portfolio_page\/queerporr\/\">Queerporr<\/a><br \/>\n23.00 \u2013 Performance: <a href=\"https:\/\/cinemaqueer.se\/cq23\/portfolio_page\/oh-bondage-up-yours\/\">Oh Bondage! Up Yours!<\/a><\/p>\n<h3>Silon<\/h3>\n<p>18.00 \u2013 Silons historia och \u00f6lprovning<br \/>\n18.30 \u2013 Performance: <a href=\"https:\/\/cinemaqueer.se\/cq23\/portfolio_page\/gallery-extra-human-world-huvudkontor-2\/\">Daiane Rafaela<\/a><br \/>\n19.15 \u2013 Film: <a href=\"https:\/\/cinemaqueer.se\/cq23\/portfolio_page\/is-freedom-a-reality-2\/\">SAQMI presenterar &#8211; Embodied<\/a><br \/>\n21.00 \u2013 Performance: <a href=\"https:\/\/cinemaqueer.se\/cq23\/portfolio_page\/fredy-clue-backadrakten-sveriges-forsta-ickebinara-folkdrakt\/\">B\u00e4ckadr\u00e4kten &#8211; Sveriges f\u00f6rsta ickebin\u00e4ra folkdr\u00e4kt av Fredy Clue<\/a><\/p>\n<h3>Aspen Bio<\/h3>\n<p>18.00 \u2013 Film: <a href=\"https:\/\/cinemaqueer.se\/cq23\/portfolio_page\/kallamiglucia\/\">Kalla mig Lucia<\/a><br \/>\n20.30 \u2013 Film: <a href=\"https:\/\/cinemaqueer.se\/cq23\/portfolio_page\/joyland\/\">Joyland<\/a>[\/vc_column_text][\/vc_column][vc_column width=&#8221;1\/6&#8243;][\/vc_column][\/vc_row]<\/p>\n<\/div>","protected":false},"excerpt":{"rendered":"<p>[vc_row css_animation=&#8221;&#8221; row_type=&#8221;row&#8221; use_row_as_full_screen_section=&#8221;no&#8221; type=&#8221;full_width&#8221; angled_section=&#8221;no&#8221; text_align=&#8221;left&#8221; background_image_as_pattern=&#8221;without_pattern&#8221; z_index=&#8221;&#8221; padding_top=&#8221;100&#8243; padding_bottom=&#8221;200&#8243;][vc_column width=&#8221;1\/6&#8243;][\/vc_column][vc_column width=&#8221;2\/3&#8243;][vc_column_text css=&#8221;.vc_custom_1695921031592{border-top-width: 5px !important;border-right-width: 5px !important;border-bottom-width: 5px !important;border-left-width: 5px !important;padding-top: 30px !important;padding-right: 30px !important;padding-bottom: 30px !important;padding-left: 30px !important;background-color: #ffffff !important;border-left-color: #000000 !important;border-left-style: dotted !important;border-right-color: #000000 !important;border-right-style: dotted !important;border-top-color: #000000 !important;border-top-style: dotted !important;border-bottom-color: #000000&#8230;<\/p>\n","protected":false},"author":1,"featured_media":0,"parent":8,"menu_order":0,"comment_status":"closed","ping_status":"closed","template":"","meta":{"footnotes":""},"class_list":["post-34","page","type-page","status-publish","hentry"],"_links":{"self":[{"href":"https:\/\/cinemaqueer.se\/cq23\/wp-json\/wp\/v2\/pages\/34","targetHints":{"allow":["GET"]}}],"collection":[{"href":"https:\/\/cinemaqueer.se\/cq23\/wp-json\/wp\/v2\/pages"}],"about":[{"href":"https:\/\/cinemaqueer.se\/cq23\/wp-json\/wp\/v2\/types\/page"}],"author":[{"embeddable":true,"href":"https:\/\/cinemaqueer.se\/cq23\/wp-json\/wp\/v2\/users\/1"}],"replies":[{"embeddable":true,"href":"https:\/\/cinemaqueer.se\/cq23\/wp-json\/wp\/v2\/comments?post=34"}],"version-history":[{"count":8,"href":"https:\/\/cinemaqueer.se\/cq23\/wp-json\/wp\/v2\/pages\/34\/revisions"}],"predecessor-version":[{"id":1142,"href":"https:\/\/cinemaqueer.se\/cq23\/wp-json\/wp\/v2\/pages\/34\/revisions\/1142"}],"up":[{"embeddable":true,"href":"https:\/\/cinemaqueer.se\/cq23\/wp-json\/wp\/v2\/pages\/8"}],"wp:attachment":[{"href":"https:\/\/cinemaqueer.se\/cq23\/wp-json\/wp\/v2\/media?parent=34"}],"curies":[{"name":"wp","href":"https:\/\/api.w.org\/{rel}","templated":true}]}}