{"id":1317,"date":"2024-09-04T14:00:51","date_gmt":"2024-09-04T12:00:51","guid":{"rendered":"https:\/\/cinemaqueer.se\/cq24\/?page_id=1317"},"modified":"2024-09-09T22:59:29","modified_gmt":"2024-09-09T20:59:29","slug":"gaster","status":"publish","type":"page","link":"https:\/\/cinemaqueer.se\/cq24\/gaster\/","title":{"rendered":"G\u00e4ster"},"content":{"rendered":"<div class=\"wpb-content-wrapper\"><p>[vc_row css_animation=&#8221;&#8221; row_type=&#8221;row&#8221; use_row_as_full_screen_section=&#8221;no&#8221; type=&#8221;full_width&#8221; angled_section=&#8221;no&#8221; text_align=&#8221;left&#8221; background_image_as_pattern=&#8221;without_pattern&#8221; z_index=&#8221;&#8221; padding_top=&#8221;100&#8243; padding_bottom=&#8221;100&#8243;][vc_column width=&#8221;1\/4&#8243;][vc_single_image image=&#8221;1604&#8243; img_size=&#8221;full&#8221; css=&#8221;&#8221; qode_css_animation=&#8221;&#8221;][vc_column_text css=&#8221;.vc_custom_1725826931852{border-top-width: 5px !important;border-right-width: 5px !important;border-bottom-width: 5px !important;border-left-width: 5px !important;padding-top: 20px !important;padding-right: 20px !important;padding-bottom: 20px !important;padding-left: 20px !important;background-color: #dc3ca9 !important;border-left-style: solid !important;border-right-style: solid !important;border-top-style: solid !important;border-bottom-style: solid !important;border-color: #000000 !important;}&#8221;]<\/p>\n<h3><strong>ALBA OMEGA<\/strong><\/h3>\n<p><span style=\"font-weight: 400;\">ALBA OMEGA \u00e4r den musikaliska poesin av G\u00f6teborgsbaserade Alba Vera Bergeling. Genom genre\u00f6verskridande uttryck bjuder hon in till ett m\u00e5leri ang\u00e5ende den transcendentala m\u00e4nskliga erfarenheten. Just nu cirkulerar musiken kring banjon och intersektionen blue grass &amp; shoe gaze.<\/span><\/p>\n<p>[\/vc_column_text][vc_empty_space][\/vc_column][vc_column width=&#8221;1\/4&#8243;][vc_single_image image=&#8221;1630&#8243; img_size=&#8221;full&#8221; css=&#8221;&#8221; qode_css_animation=&#8221;&#8221;][vc_column_text css=&#8221;.vc_custom_1725827031201{border-top-width: 5px !important;border-right-width: 5px !important;border-bottom-width: 5px !important;border-left-width: 5px !important;padding-top: 20px !important;padding-right: 20px !important;padding-bottom: 20px !important;padding-left: 20px !important;background-color: #dc3ca9 !important;border-left-style: solid !important;border-right-style: solid !important;border-top-style: solid !important;border-bottom-style: solid !important;border-color: #000000 !important;}&#8221;]<\/p>\n<h3><strong>Anna Konda<\/strong><\/h3>\n<p><span style=\"font-weight: 400;\">Anna Konda \u00e4r en av Finlands st\u00f6rsta dragqueen-stj\u00e4rnor skapad av modedesignern Ervin Latimer. Ms. Konda \u00e4r v\u00e4rdinna och h\u00f6nsmamma f\u00f6r tv\u00e5 Helsingforsbaserade evenemang, Drag Bingo Night och klubben My Neck My Back.<\/span><\/p>\n<p>[\/vc_column_text][vc_empty_space][\/vc_column][vc_column width=&#8221;1\/4&#8243;][vc_single_image image=&#8221;1631&#8243; img_size=&#8221;full&#8221; css=&#8221;&#8221; qode_css_animation=&#8221;&#8221;][vc_column_text css=&#8221;.vc_custom_1725827113857{border-top-width: 5px !important;border-right-width: 5px !important;border-bottom-width: 5px !important;border-left-width: 5px !important;padding-top: 20px !important;padding-right: 20px !important;padding-bottom: 20px !important;padding-left: 20px !important;background-color: #dc3ca9 !important;border-left-style: solid !important;border-right-style: solid !important;border-top-style: solid !important;border-bottom-style: solid !important;border-color: #000000 !important;}&#8221;]<\/p>\n<h3><strong>Hassandra<\/strong><\/h3>\n<p><span style=\"font-weight: 400;\">Hassandra (they\/them) \u00e4r en libanesisk Berlin-baserad multidisciplin\u00e4r artist, DJ, MUA och mycket mer. Hassandras konstn\u00e4rliga unders\u00f6kningar behandlar teman som migration, nostalgi och kroppen som ett queer levande arkiv och i Stockholm, p\u00e5 Blows scen presenterar hen ett performance ut\u00f6ver det vanliga!\u00a0<\/span>[\/vc_column_text][vc_empty_space][\/vc_column][vc_column width=&#8221;1\/4&#8243;][vc_single_image image=&#8221;1632&#8243; img_size=&#8221;full&#8221; css=&#8221;&#8221; qode_css_animation=&#8221;&#8221;][vc_column_text css=&#8221;.vc_custom_1725915568516{border-top-width: 5px !important;border-right-width: 5px !important;border-bottom-width: 5px !important;border-left-width: 5px !important;padding-top: 20px !important;padding-right: 20px !important;padding-bottom: 20px !important;padding-left: 20px !important;background-color: #dc3ca9 !important;border-left-style: solid !important;border-right-style: solid !important;border-top-style: solid !important;border-bottom-style: solid !important;border-color: #000000 !important;}&#8221;]<\/p>\n<h3>Konstantinos Menelaou<\/h3>\n<p>Konstantinos Menelaou \u00e4r en multikonstn\u00e4r med en stark professionell bakgrund inom konstkurator och kreativ produktion. Menelaous film- och videoverk har visats p\u00e5 festivaler och gallerier runt om i v\u00e4rlden. Han \u00e4r i Sverige som grundare av The Queer Archive festival och presenterar ett storslaget kortfilmsprogram![\/vc_column_text][vc_empty_space][\/vc_column][\/vc_row][vc_row css_animation=&#8221;&#8221; row_type=&#8221;row&#8221; use_row_as_full_screen_section=&#8221;no&#8221; type=&#8221;full_width&#8221; angled_section=&#8221;no&#8221; text_align=&#8221;left&#8221; background_image_as_pattern=&#8221;without_pattern&#8221; z_index=&#8221;&#8221;][vc_column width=&#8221;1\/4&#8243;][vc_single_image image=&#8221;1633&#8243; img_size=&#8221;full&#8221; css=&#8221;&#8221; qode_css_animation=&#8221;&#8221;][vc_column_text css=&#8221;.vc_custom_1725827384192{border-top-width: 5px !important;border-right-width: 5px !important;border-bottom-width: 5px !important;border-left-width: 5px !important;padding-top: 20px !important;padding-right: 20px !important;padding-bottom: 20px !important;padding-left: 20px !important;background-color: #dc3ca9 !important;border-left-style: solid !important;border-right-style: solid !important;border-top-style: solid !important;border-bottom-style: solid !important;border-color: #000000 !important;}&#8221;]<\/p>\n<h3><b>Parakatyanova<\/b><\/h3>\n<p>Parakatyanova \u00e4r en av superstj\u00e4rnorna i Atens dragscen och en del av drottningarna som \u00e4r med i \u00e5rets \u00f6ppningsfilm \u2013 Avant-drag!. I Stockholm kommer de att upptr\u00e4da b\u00e5de under \u00f6ppningskv\u00e4llen och p\u00e5 en speciell grekisk fest s\u00e5 missa inte det!<\/p>\n<p>[\/vc_column_text][vc_empty_space][\/vc_column][vc_column width=&#8221;1\/4&#8243;][vc_single_image image=&#8221;1634&#8243; img_size=&#8221;full&#8221; css=&#8221;&#8221; qode_css_animation=&#8221;&#8221;][vc_column_text css=&#8221;.vc_custom_1725827441640{border-top-width: 5px !important;border-right-width: 5px !important;border-bottom-width: 5px !important;border-left-width: 5px !important;padding-top: 20px !important;padding-right: 20px !important;padding-bottom: 20px !important;padding-left: 20px !important;background-color: #dc3ca9 !important;border-left-style: solid !important;border-right-style: solid !important;border-top-style: solid !important;border-bottom-style: solid !important;border-color: #000000 !important;}&#8221;]<\/p>\n<h3><strong>Robert Moussa\u00a0<\/strong><\/h3>\n<p>Robert Moussa \u00e4r grundare och konstn\u00e4rlig ledare f\u00f6r Soura Film Festival, en Berlin-baserad queerfilmfestival som fokuserar p\u00e5 film fr\u00e5n sydv\u00e4stra Asien och Nordafrika. Han \u00e4r i Stockholm och presenterar ett kurerat kortfilmsprogram och som en del av Blow x Souria p\u00e5 Stadsg\u00e5rdsterminalen<\/p>\n<p>[\/vc_column_text][vc_empty_space][\/vc_column][vc_column width=&#8221;1\/4&#8243;][vc_single_image image=&#8221;1635&#8243; img_size=&#8221;full&#8221; css=&#8221;&#8221; qode_css_animation=&#8221;&#8221;][vc_column_text css=&#8221;.vc_custom_1725827476590{border-top-width: 5px !important;border-right-width: 5px !important;border-bottom-width: 5px !important;border-left-width: 5px !important;padding-top: 20px !important;padding-right: 20px !important;padding-bottom: 20px !important;padding-left: 20px !important;background-color: #dc3ca9 !important;border-left-style: solid !important;border-right-style: solid !important;border-top-style: solid !important;border-bottom-style: solid !important;border-color: #000000 !important;}&#8221;]<\/p>\n<h3><b>SerGay Parakatyanov<\/b><\/h3>\n<p>SerGay Parakatyanov \u00e4r i Stockholm tillsammans med Parakatyanova \u2013 b\u00e5de superstj\u00e4rnor fr\u00e5n Aten Atens dragscene och en del av drottningarna som \u00e4r med i \u00e5rets \u00f6ppningsfilm \u2013 Avant-drag!. I Stockholm kommer de att upptr\u00e4da b\u00e5de under \u00f6ppningskv\u00e4llen och p\u00e5 en speciell grekisk fest s\u00e5 missa inte det!<\/p>\n<p>[\/vc_column_text][vc_empty_space][\/vc_column][vc_column width=&#8221;1\/4&#8243;][\/vc_column][\/vc_row]<\/p>\n<\/div>","protected":false},"excerpt":{"rendered":"<p>[vc_row css_animation=&#8221;&#8221; row_type=&#8221;row&#8221; use_row_as_full_screen_section=&#8221;no&#8221; type=&#8221;full_width&#8221; angled_section=&#8221;no&#8221; text_align=&#8221;left&#8221; background_image_as_pattern=&#8221;without_pattern&#8221; z_index=&#8221;&#8221; padding_top=&#8221;100&#8243; padding_bottom=&#8221;100&#8243;][vc_column width=&#8221;1\/4&#8243;][vc_single_image image=&#8221;1604&#8243; img_size=&#8221;full&#8221; css=&#8221;&#8221; qode_css_animation=&#8221;&#8221;][vc_column_text css=&#8221;.vc_custom_1725826931852{border-top-width: 5px !important;border-right-width: 5px !important;border-bottom-width: 5px !important;border-left-width: 5px !important;padding-top: 20px !important;padding-right: 20px !important;padding-bottom: 20px !important;padding-left: 20px !important;background-color: #dc3ca9 !important;border-left-style: solid !important;border-right-style: solid !important;border-top-style: solid !important;border-bottom-style: solid !important;border-color: #000000 !important;}&#8221;]&#8230;<\/p>\n","protected":false},"author":1,"featured_media":0,"parent":0,"menu_order":0,"comment_status":"closed","ping_status":"closed","template":"","meta":{"footnotes":""},"class_list":["post-1317","page","type-page","status-publish","hentry"],"_links":{"self":[{"href":"https:\/\/cinemaqueer.se\/cq24\/wp-json\/wp\/v2\/pages\/1317","targetHints":{"allow":["GET"]}}],"collection":[{"href":"https:\/\/cinemaqueer.se\/cq24\/wp-json\/wp\/v2\/pages"}],"about":[{"href":"https:\/\/cinemaqueer.se\/cq24\/wp-json\/wp\/v2\/types\/page"}],"author":[{"embeddable":true,"href":"https:\/\/cinemaqueer.se\/cq24\/wp-json\/wp\/v2\/users\/1"}],"replies":[{"embeddable":true,"href":"https:\/\/cinemaqueer.se\/cq24\/wp-json\/wp\/v2\/comments?post=1317"}],"version-history":[{"count":5,"href":"https:\/\/cinemaqueer.se\/cq24\/wp-json\/wp\/v2\/pages\/1317\/revisions"}],"predecessor-version":[{"id":1689,"href":"https:\/\/cinemaqueer.se\/cq24\/wp-json\/wp\/v2\/pages\/1317\/revisions\/1689"}],"wp:attachment":[{"href":"https:\/\/cinemaqueer.se\/cq24\/wp-json\/wp\/v2\/media?parent=1317"}],"curies":[{"name":"wp","href":"https:\/\/api.w.org\/{rel}","templated":true}]}}