{"id":15,"date":"2021-08-31T15:12:26","date_gmt":"2021-08-31T13:12:26","guid":{"rendered":"https:\/\/cinemaqueer.se\/cq21\/?page_id=10"},"modified":"2024-09-23T16:19:08","modified_gmt":"2024-09-23T14:19:08","slug":"biljetter","status":"publish","type":"page","link":"https:\/\/cinemaqueer.se\/cq24\/biljetter\/","title":{"rendered":"Biljetter"},"content":{"rendered":"<div class=\"wpb-content-wrapper\"><p>[vc_row css_animation=&#8221;&#8221; row_type=&#8221;row&#8221; use_row_as_full_screen_section=&#8221;no&#8221; type=&#8221;full_width&#8221; angled_section=&#8221;no&#8221; text_align=&#8221;left&#8221; background_image_as_pattern=&#8221;without_pattern&#8221; z_index=&#8221;&#8221; padding_bottom=&#8221;60&#8243;][vc_column width=&#8221;1\/4&#8243;][vc_empty_space][\/vc_column][vc_column width=&#8221;1\/2&#8243;][vc_column_text css=&#8221;.vc_custom_1725636270509{border-top-width: 5px !important;border-right-width: 5px !important;border-bottom-width: 5px !important;border-left-width: 5px !important;padding-top: 20px !important;padding-right: 20px !important;padding-bottom: 20px !important;padding-left: 20px !important;background-color: #dc3ca9 !important;border-left-style: solid !important;border-right-style: solid !important;border-top-style: solid !important;border-bottom-style: solid !important;border-color: #000000 !important;}&#8221;]<\/p>\n<h1><strong>Se alla filmer eller bara en favorit?\u00a0<\/strong><\/h1>\n<p>K\u00f6p dina biljetter idag! Alla biljetter till \u00e5rets festival k\u00f6ps via Kulturbiljetter eller med Swish p\u00e5 plats under festivalen. Vi \u00e4r en helt kontantl\u00f6s festival och kan tyv\u00e4rr inte ta emot kontanter.[\/vc_column_text][\/vc_column][vc_column width=&#8221;1\/4&#8243;][\/vc_column][\/vc_row][vc_row css_animation=&#8221;&#8221; row_type=&#8221;row&#8221; use_row_as_full_screen_section=&#8221;no&#8221; type=&#8221;grid&#8221; angled_section=&#8221;no&#8221; text_align=&#8221;left&#8221; background_image_as_pattern=&#8221;without_pattern&#8221; z_index=&#8221;&#8221; padding_top=&#8221;40&#8243; padding_bottom=&#8221;60&#8243;][vc_column width=&#8221;1\/6&#8243; css=&#8221;.vc_custom_1724835232658{padding-top: 20px !important;padding-right: 20px !important;padding-bottom: 20px !important;padding-left: 20px !important;border-color: #000000 !important;}&#8221;][vc_empty_space][\/vc_column][vc_column width=&#8221;2\/3&#8243; css=&#8221;.vc_custom_1725357592116{border-top-width: 5px !important;border-right-width: 5px !important;border-bottom-width: 5px !important;border-left-width: 5px !important;padding-top: 40px !important;padding-bottom: 40px !important;background-color: #dc3ca9 !important;border-left-style: solid !important;border-right-style: solid !important;border-top-style: solid !important;border-bottom-style: solid !important;border-color: #000000 !important;}&#8221;]<a  itemprop=\"url\" href=\"https:\/\/kulturbiljetter.se\/arrang%C3%B6r\/105\/cinema-queer\/\" target=\"_blank\"  class=\"qbutton  big_large default\" style=\"font-weight: 500; \">ENKELBILJETT 80 KR<\/a>[vc_column_text css=&#8221;&#8221;]En enskild biljett g\u00e4ller till respektive film, performance eller sound sauna. En biljett kostar 80 kronor.[\/vc_column_text][vc_empty_space]<a  itemprop=\"url\" href=\"https:\/\/kulturbiljetter.se\/evenemang\/7387\/cinema-queer-festivalpass-30-sep-6-okt-2024\/\" target=\"_blank\"  class=\"qbutton  big_large default\" style=\"font-weight: 500; \">FESTIVALPASS 400 KR<\/a>[vc_column_text css=&#8221;&#8221;]G\u00e4ller i m\u00e5n av plats till samtliga programpunkter. Ett festivalpass kostar 400 kronor. Obs; g\u00e4ller ej till invigningen eller queer sound sauna.[\/vc_column_text][vc_empty_space]<a  itemprop=\"url\" href=\"https:\/\/kulturbiljetter.se\/evenemang\/7386\/cinema-queer-helgpass-5-6-okt-2024\/\" target=\"_blank\"  class=\"qbutton  big_large default\" style=\"font-weight: 500; \">HELGPASS 250 KR<\/a>[vc_column_text css=&#8221;&#8221;]G\u00e4ller i m\u00e5n av plats till samtliga programpunkter 5-6 oktober. Ett helgpass kostar 250 kronor.[\/vc_column_text][vc_empty_space][\/vc_column][vc_column width=&#8221;1\/6&#8243;][vc_empty_space][\/vc_column][\/vc_row][vc_row css_animation=&#8221;&#8221; row_type=&#8221;row&#8221; use_row_as_full_screen_section=&#8221;no&#8221; type=&#8221;grid&#8221; angled_section=&#8221;no&#8221; text_align=&#8221;left&#8221; background_image_as_pattern=&#8221;without_pattern&#8221; z_index=&#8221;&#8221; padding_top=&#8221;40&#8243; padding_bottom=&#8221;60&#8243;][vc_column width=&#8221;1\/6&#8243; css=&#8221;.vc_custom_1724835232658{padding-top: 20px !important;padding-right: 20px !important;padding-bottom: 20px !important;padding-left: 20px !important;border-color: #000000 !important;}&#8221;][vc_empty_space][\/vc_column][vc_column width=&#8221;2\/3&#8243; css=&#8221;.vc_custom_1725357606290{border-top-width: 5px !important;border-right-width: 5px !important;border-bottom-width: 5px !important;border-left-width: 5px !important;padding-top: 40px !important;padding-bottom: 40px !important;background-color: #dc3ca9 !important;border-left-style: solid !important;border-right-style: solid !important;border-top-style: solid !important;border-bottom-style: solid !important;border-color: #000000 !important;}&#8221;]<a  itemprop=\"url\" href=\"https:\/\/kulturbiljetter.se\/evenemang\/7354\/go-gay-med-garbro-och-jairo-helkv%C3%A4ll-i-vattentornet\/\" target=\"_blank\"  class=\"qbutton  big_large default\" style=\"font-weight: 500; \">HELKV\u00c4LL GO GAY WITH GARBO + JAIRO 120 KR<\/a>[vc_column_text css=&#8221;&#8221;]En biljett till hela kv\u00e4llen p\u00e5 Vattentornet 3\/10 2024.[\/vc_column_text][vc_empty_space]<a  itemprop=\"url\" href=\"https:\/\/kulturbiljetter.se\/evenemang\/7378\/helkv%C3%A4ll-i-fi nland\/\" target=\"_blank\"  class=\"qbutton  big_large default\" style=\"font-weight: 500; \">HELKV\u00c4LL FINLAND 150 KR<\/a>[vc_column_text css=&#8221;&#8221;]En biljett till hela kv\u00e4llen p\u00e5 Finlandsinstitutet 4\/10 2024. G\u00e4ller ej f\u00f6r sound sauna.[\/vc_column_text][vc_empty_space]<a  itemprop=\"url\" href=\"https:\/\/kulturbiljetter.se\/evenemang\/7353\/helkv%C3%A4ll-med-blow-x-soura\/\" target=\"_blank\"  class=\"qbutton  big_large default\" style=\"font-weight: 500; \">HELKV\u00c4LL BLOW x SOURA 120 KR<\/a>[vc_column_text css=&#8221;&#8221;]En biljett till hela kv\u00e4llen p\u00e5 Stadsg\u00e5rdsterminalen 2\/10 2024.[\/vc_column_text][vc_empty_space][\/vc_column][vc_column width=&#8221;1\/6&#8243;][vc_empty_space][\/vc_column][\/vc_row][vc_row css_animation=&#8221;&#8221; row_type=&#8221;row&#8221; use_row_as_full_screen_section=&#8221;no&#8221; type=&#8221;grid&#8221; angled_section=&#8221;no&#8221; text_align=&#8221;left&#8221; background_image_as_pattern=&#8221;without_pattern&#8221; z_index=&#8221;&#8221; padding_top=&#8221;40&#8243; padding_bottom=&#8221;60&#8243;][vc_column width=&#8221;1\/6&#8243; css=&#8221;.vc_custom_1724835232658{padding-top: 20px !important;padding-right: 20px !important;padding-bottom: 20px !important;padding-left: 20px !important;border-color: #000000 !important;}&#8221;][vc_empty_space][\/vc_column][vc_column width=&#8221;2\/3&#8243; css=&#8221;.vc_custom_1725357617035{border-top-width: 5px !important;border-right-width: 5px !important;border-bottom-width: 5px !important;border-left-width: 5px !important;padding-top: 40px !important;padding-bottom: 40px !important;background-color: #dc3ca9 !important;border-left-style: solid !important;border-right-style: solid !important;border-top-style: solid !important;border-bottom-style: solid !important;border-color: #000000 !important;}&#8221;]<a  itemprop=\"url\" href=\"https:\/\/kulturbiljetter.se\/evenemang\/7365\/ballroom-tuck-o%E2%80%99hej-fest\/\" target=\"_blank\"  class=\"qbutton  big_large default\" style=\"font-weight: 500; \">HELKV\u00c4LL BALLROOM + TUCKO\u2019HEJ + FEST! 150 KR<\/a>[vc_column_text css=&#8221;&#8221;]En biljett till hela kv\u00e4llen p\u00e5 Guldfabriken 5\/10 2024.[\/vc_column_text][vc_empty_space]<a  itemprop=\"url\" href=\"https:\/\/www.filminstitutet.se\/sv\/se-och-samtala-om-film\/cinemateket-stockholm\/filmer\/?filmId=13809&amp;cityId=1\" target=\"_blank\"  class=\"qbutton  big_large default\" style=\"font-weight: 500; \">HEDWIG AND THE ANGRY INCH @ CINEMATEKET 50 KR<\/a>[vc_column_text css=&#8221;&#8221;]Biljett till Hedwig and the Angry Inch som visas p\u00e5 Cinemateket 5 oktober s\u00e4ljs separat av Cinemateket.[\/vc_column_text][vc_empty_space][vc_empty_space][vc_column_text]<\/p>\n<h2>St\u00f6tta festivalen!<\/h2>\n<p>Vill du st\u00f6tta festivalen med ett ekonomiskt bidrag och p\u00e5 s\u00e5 s\u00e4tt hj\u00e4lpa oss att v\u00e4xa och g\u00f6ra v\u00e5r verksamhet \u00e4nnu b\u00e4ttre? Cinema Queer drivs till stor del p\u00e5 volont\u00e4ra krafter och vi uppskattar er hj\u00e4lp. Swisha oss ett valfritt bidrag och m\u00e4rk betalningen med <strong>bidrag.\u00a0<\/strong><\/p>\n<h2><strong>SWISH: 123 130 07 97<\/strong><\/h2>\n<p>Tack![\/vc_column_text][\/vc_column][vc_column width=&#8221;1\/6&#8243;][vc_empty_space][\/vc_column][\/vc_row]<\/p>\n<\/div>","protected":false},"excerpt":{"rendered":"<p>[vc_row css_animation=&#8221;&#8221; row_type=&#8221;row&#8221; use_row_as_full_screen_section=&#8221;no&#8221; type=&#8221;full_width&#8221; angled_section=&#8221;no&#8221; text_align=&#8221;left&#8221; background_image_as_pattern=&#8221;without_pattern&#8221; z_index=&#8221;&#8221; padding_bottom=&#8221;60&#8243;][vc_column width=&#8221;1\/4&#8243;][vc_empty_space][\/vc_column][vc_column width=&#8221;1\/2&#8243;][vc_column_text css=&#8221;.vc_custom_1725636270509{border-top-width: 5px !important;border-right-width: 5px !important;border-bottom-width: 5px !important;border-left-width: 5px !important;padding-top: 20px !important;padding-right: 20px !important;padding-bottom: 20px !important;padding-left: 20px !important;background-color: #dc3ca9 !important;border-left-style: solid !important;border-right-style: solid !important;border-top-style: solid !important;border-bottom-style: solid !important;border-color: #000000 !important;}&#8221;] Se alla filmer eller&#8230;<\/p>\n","protected":false},"author":1,"featured_media":0,"parent":0,"menu_order":0,"comment_status":"closed","ping_status":"closed","template":"","meta":{"footnotes":""},"class_list":["post-15","page","type-page","status-publish","hentry"],"_links":{"self":[{"href":"https:\/\/cinemaqueer.se\/cq24\/wp-json\/wp\/v2\/pages\/15","targetHints":{"allow":["GET"]}}],"collection":[{"href":"https:\/\/cinemaqueer.se\/cq24\/wp-json\/wp\/v2\/pages"}],"about":[{"href":"https:\/\/cinemaqueer.se\/cq24\/wp-json\/wp\/v2\/types\/page"}],"author":[{"embeddable":true,"href":"https:\/\/cinemaqueer.se\/cq24\/wp-json\/wp\/v2\/users\/1"}],"replies":[{"embeddable":true,"href":"https:\/\/cinemaqueer.se\/cq24\/wp-json\/wp\/v2\/comments?post=15"}],"version-history":[{"count":34,"href":"https:\/\/cinemaqueer.se\/cq24\/wp-json\/wp\/v2\/pages\/15\/revisions"}],"predecessor-version":[{"id":1715,"href":"https:\/\/cinemaqueer.se\/cq24\/wp-json\/wp\/v2\/pages\/15\/revisions\/1715"}],"wp:attachment":[{"href":"https:\/\/cinemaqueer.se\/cq24\/wp-json\/wp\/v2\/media?parent=15"}],"curies":[{"name":"wp","href":"https:\/\/api.w.org\/{rel}","templated":true}]}}