{"id":1734,"date":"2021-08-31T15:12:26","date_gmt":"2021-08-31T13:12:26","guid":{"rendered":"https:\/\/cinemaqueer.se\/cq21\/?page_id=10"},"modified":"2025-09-03T11:09:04","modified_gmt":"2025-09-03T09:09:04","slug":"biljetter","status":"publish","type":"page","link":"https:\/\/cinemaqueer.se\/cq25\/biljetter\/","title":{"rendered":"Biljetter"},"content":{"rendered":"<div class=\"wpb-content-wrapper\"><p>[vc_row css_animation=&#8221;&#8221; row_type=&#8221;row&#8221; use_row_as_full_screen_section=&#8221;no&#8221; type=&#8221;grid&#8221; angled_section=&#8221;no&#8221; text_align=&#8221;left&#8221; background_image_as_pattern=&#8221;without_pattern&#8221; z_index=&#8221;&#8221;][vc_column width=&#8221;1\/3&#8243; css=&#8221;.vc_custom_1724835232658{padding-top: 20px !important;padding-right: 20px !important;padding-bottom: 20px !important;padding-left: 20px !important;border-color: #000000 !important;}&#8221;][vc_empty_space height=&#8221;2px&#8221;][\/vc_column][vc_column width=&#8221;1\/3&#8243; css=&#8221;.vc_custom_1755691971655{border-top-width: 0px !important;border-right-width: 0px !important;border-bottom-width: 0px !important;border-left-width: 0px !important;padding-top: 40px !important;padding-bottom: 40px !important;border-left-style: solid !important;border-right-style: solid !important;border-top-style: solid !important;border-bottom-style: solid !important;}&#8221;][vc_column_text css=&#8221;&#8221;]<\/p>\n<h1><strong>Se alla filmer eller bara en favorit?\u00a0<\/strong><\/h1>\n<p>K\u00f6p dina biljetter idag! Alla biljetter till \u00e5rets festival k\u00f6ps via Kulturbiljetter eller med Swish p\u00e5 plats under festivalen. Vi \u00e4r en helt kontantl\u00f6s festival och kan tyv\u00e4rr inte ta emot kontanter.[\/vc_column_text][vc_empty_space][vc_single_image image=&#8221;1985&#8243; img_size=&#8221;full&#8221; onclick=&#8221;custom_link&#8221; img_link_target=&#8221;_blank&#8221; css=&#8221;.vc_custom_1756464996637{margin-bottom: 0px !important;}&#8221; qode_css_animation=&#8221;&#8221; link=&#8221;https:\/\/kulturbiljetter.se\/arrang%C3%B6r\/105\/cinema-queer\/&#8221;][vc_column_text css=&#8221;&#8221;]En enskild biljett g\u00e4ller till respektive film\/performance. En biljett kostar 80 kronor.[\/vc_column_text][vc_empty_space][vc_single_image image=&#8221;1986&#8243; img_size=&#8221;full&#8221; onclick=&#8221;custom_link&#8221; img_link_target=&#8221;_blank&#8221; css=&#8221;&#8221; qode_css_animation=&#8221;&#8221; link=&#8221;https:\/\/kulturbiljetter.se\/evenemang\/8242\/cinema-queer-festivalpass-29-sep-5-okt-2025\/&#8221;][vc_column_text css=&#8221;&#8221;]G\u00e4ller i m\u00e5n av plats till festivalens samtliga programpunkter. Ett festivalpass kostar 400 kronor. Obs; g\u00e4ller ej till invigningen.[\/vc_column_text][vc_empty_space][vc_single_image image=&#8221;2023&#8243; img_size=&#8221;full&#8221; onclick=&#8221;custom_link&#8221; img_link_target=&#8221;_blank&#8221; css=&#8221;&#8221; qode_css_animation=&#8221;&#8221; link=&#8221;https:\/\/kulturbiljetter.se\/evenemang\/8243\/cinema-queer-helgpass-4-5-okt-2025\/&#8221;][vc_column_text css=&#8221;&#8221;]G\u00e4ller i m\u00e5n av plats till samtliga programpunkter 4-5 oktober. Ett helgpass kostar 250 kronor.[\/vc_column_text][vc_empty_space][vc_single_image image=&#8221;2024&#8243; img_size=&#8221;full&#8221; onclick=&#8221;custom_link&#8221; img_link_target=&#8221;_blank&#8221; css=&#8221;&#8221; qode_css_animation=&#8221;&#8221; link=&#8221;https:\/\/kulturbiljetter.se\/evenemang\/8240\/helkv%C3%A4ll-accelerator\/&#8221;][vc_column_text css=&#8221;&#8221;]En biljett till hela programmet p\u00e5 Accelerator 1 oktober 2025.[\/vc_column_text][vc_empty_space][vc_single_image image=&#8221;2022&#8243; img_size=&#8221;full&#8221; onclick=&#8221;custom_link&#8221; img_link_target=&#8221;_blank&#8221; css=&#8221;&#8221; qode_css_animation=&#8221;&#8221; link=&#8221;https:\/\/kulturbiljetter.se\/evenemang\/8241\/heldag-mdt\/&#8221;][vc_column_text css=&#8221;&#8221;]En biljett till hela programmet p\u00e5 MDT 4 oktober 2025.[\/vc_column_text][vc_empty_space][vc_single_image image=&#8221;2028&#8243; img_size=&#8221;full&#8221; onclick=&#8221;custom_link&#8221; img_link_target=&#8221;_blank&#8221; css=&#8221;&#8221; qode_css_animation=&#8221;&#8221; link=&#8221;https:\/\/kulturbiljetter.se\/evenemang\/8234\/porrkv%C3%A4ll-hela-6-films-program\/&#8221;][vc_column_text css=&#8221;&#8221;]<span style=\"font-weight: 400;\">En biljett till hela programmet curerat av 6film den 3 oktober p\u00e5 Graffitisthlm.\u00a0 <\/span>[\/vc_column_text][vc_empty_space][vc_column_text]<\/p>\n<h2>St\u00f6tta festivalen!<\/h2>\n<p>Vill du st\u00f6tta festivalen med ett ekonomiskt bidrag och p\u00e5 s\u00e5 s\u00e4tt hj\u00e4lpa oss att v\u00e4xa och g\u00f6ra v\u00e5r verksamhet \u00e4nnu b\u00e4ttre? Cinema Queer drivs till stor del p\u00e5 volont\u00e4ra krafter och vi uppskattar er hj\u00e4lp. Swisha oss ett valfritt bidrag och m\u00e4rk betalningen med <strong>bidrag.\u00a0<\/strong><\/p>\n<h2><strong>SWISH: 123 130 07 97<\/strong><\/h2>\n<p>Tack![\/vc_column_text][vc_empty_space][vc_single_image image=&#8221;1842&#8243; img_size=&#8221;medium&#8221; alignment=&#8221;center&#8221; css=&#8221;&#8221; qode_css_animation=&#8221;&#8221;][vc_empty_space][\/vc_column][vc_column width=&#8221;1\/3&#8243;][vc_empty_space height=&#8221;2px&#8221;][\/vc_column][\/vc_row]<\/p>\n<\/div>","protected":false},"excerpt":{"rendered":"<p>[vc_row css_animation=&#8221;&#8221; row_type=&#8221;row&#8221; use_row_as_full_screen_section=&#8221;no&#8221; type=&#8221;grid&#8221; angled_section=&#8221;no&#8221; text_align=&#8221;left&#8221; background_image_as_pattern=&#8221;without_pattern&#8221; z_index=&#8221;&#8221;][vc_column width=&#8221;1\/3&#8243; css=&#8221;.vc_custom_1724835232658{padding-top: 20px !important;padding-right: 20px !important;padding-bottom: 20px !important;padding-left: 20px !important;border-color: #000000 !important;}&#8221;][vc_empty_space height=&#8221;2px&#8221;][\/vc_column][vc_column width=&#8221;1\/3&#8243; css=&#8221;.vc_custom_1755691971655{border-top-width: 0px !important;border-right-width: 0px !important;border-bottom-width: 0px !important;border-left-width: 0px !important;padding-top: 40px !important;padding-bottom: 40px !important;border-left-style: solid !important;border-right-style: solid !important;border-top-style: solid !important;border-bottom-style: solid !important;}&#8221;][vc_column_text css=&#8221;&#8221;]&#8230;<\/p>\n","protected":false},"author":1,"featured_media":0,"parent":0,"menu_order":0,"comment_status":"closed","ping_status":"closed","template":"","meta":{"footnotes":""},"class_list":["post-1734","page","type-page","status-publish","hentry"],"_links":{"self":[{"href":"https:\/\/cinemaqueer.se\/cq25\/wp-json\/wp\/v2\/pages\/1734","targetHints":{"allow":["GET"]}}],"collection":[{"href":"https:\/\/cinemaqueer.se\/cq25\/wp-json\/wp\/v2\/pages"}],"about":[{"href":"https:\/\/cinemaqueer.se\/cq25\/wp-json\/wp\/v2\/types\/page"}],"author":[{"embeddable":true,"href":"https:\/\/cinemaqueer.se\/cq25\/wp-json\/wp\/v2\/users\/1"}],"replies":[{"embeddable":true,"href":"https:\/\/cinemaqueer.se\/cq25\/wp-json\/wp\/v2\/comments?post=1734"}],"version-history":[{"count":49,"href":"https:\/\/cinemaqueer.se\/cq25\/wp-json\/wp\/v2\/pages\/1734\/revisions"}],"predecessor-version":[{"id":2450,"href":"https:\/\/cinemaqueer.se\/cq25\/wp-json\/wp\/v2\/pages\/1734\/revisions\/2450"}],"wp:attachment":[{"href":"https:\/\/cinemaqueer.se\/cq25\/wp-json\/wp\/v2\/media?parent=1734"}],"curies":[{"name":"wp","href":"https:\/\/api.w.org\/{rel}","templated":true}]}}